{"id":5677,"date":"2017-06-28T17:24:25","date_gmt":"2017-06-28T15:24:25","guid":{"rendered":"https:\/\/edilfibro2.noon.srl\/cookie-policy\/"},"modified":"2024-11-07T12:16:20","modified_gmt":"2024-11-07T11:16:20","slug":"cookie-policy","status":"publish","type":"page","link":"https:\/\/www.edilfibro.it\/fr\/cookie-policy\/","title":{"rendered":"Politique de cookies"},"content":{"rendered":"<section class=\"l-section wpb_row correzione-full-width height_medium\"><div class=\"l-section-h i-cf\"><div class=\"g-cols vc_row via_grid cols_1 laptops-cols_inherit tablets-cols_inherit mobiles-cols_1 valign_top type_default stacking_default\"><div class=\"wpb_column vc_column_container\"><div class=\"vc_column-inner\"><div class=\"wpb_text_column\"><div class=\"wpb_wrapper\"><p>1. Qu&#8217;est-ce qu&#8217;un cookie ?<\/p>\n<p>Les cookies sont de petits fichiers texte que les sites visit\u00e9s par les utilisateurs envoient \u00e0 leurs terminaux, o\u00f9 ils sont stock\u00e9s afin d&#8217;\u00eatre retransmis aux m\u00eames sites lors de la prochaine visite. Les cookies de tiers, en revanche, sont install\u00e9s par un site web autre que celui que l&#8217;utilisateur est en train de visiter. En effet, chaque site peut contenir des \u00e9l\u00e9ments (images, cartes, sons, liens sp\u00e9cifiques vers des pages web d&#8217;autres domaines, etc.) qui r\u00e9sident sur des serveurs autres que celui du site visit\u00e9.<\/p>\n<p>2. \u00c0 quoi servent les cookies ?<\/p>\n<p>Les cookies sont utilis\u00e9s \u00e0 diff\u00e9rentes fins : authentification de l&#8217;ordinateur, suivi des sessions, stockage d&#8217;informations sur les configurations sp\u00e9cifiques des utilisateurs acc\u00e9dant au serveur, stockage des pr\u00e9f\u00e9rences, etc.<\/p>\n<p>3. Que sont les cookies &#8220;techniques &#8220;?<\/p>\n<p>Il s&#8217;agit de cookies qui servent \u00e0 effectuer la navigation ou \u00e0 fournir un service demand\u00e9 par l&#8217;utilisateur. Ils ne sont pas utilis\u00e9s \u00e0 d&#8217;autres fins et sont normalement install\u00e9s directement par le propri\u00e9taire du site web.<\/p>\n<p>Sans l&#8217;utilisation de ces cookies, certaines op\u00e9rations ne pourraient pas \u00eatre r\u00e9alis\u00e9es ou seraient plus complexes et\/ou moins s\u00fbres, telles que les activit\u00e9s de banque \u00e0 domicile (affichage des relev\u00e9s de compte, virements bancaires, paiement de factures, etc.), pour lesquelles les cookies, qui permettent d&#8217;effectuer et de maintenir l&#8217;identification de l&#8217;utilisateur au sein de la session, sont indispensables.<\/p>\n<p>4. Les cookies analytiques sont-ils des cookies &#8220;techniques&#8221;?<\/p>\n<p>Non. La Garante (voir ordonnance du 8 mai 2014) a pr\u00e9cis\u00e9 qu&#8217;ils peuvent \u00eatre assimil\u00e9s \u00e0 des cookies techniques uniquement s&#8217;ils sont utilis\u00e9s \u00e0 des fins d&#8217;optimisation du site directement par le propri\u00e9taire du site, qui peut collecter des informations sous forme agr\u00e9g\u00e9e sur le nombre d&#8217;utilisateurs et la mani\u00e8re dont ils visitent le site. Dans ces conditions, les m\u00eames r\u00e8gles d&#8217;information et de consentement s&#8217;appliquent aux cookies analytiques qu&#8217;aux cookies techniques.<\/p>\n<p>5. Que sont les cookies de &#8220;profilage&#8221;?<\/p>\n<p>Il s&#8217;agit de cookies utilis\u00e9s pour suivre la navigation de l&#8217;utilisateur sur le web et cr\u00e9er des profils de ses go\u00fbts, de ses habitudes, de ses choix, etc. Gr\u00e2ce \u00e0 ces cookies, des messages publicitaires peuvent \u00eatre envoy\u00e9s au terminal de l&#8217;utilisateur en fonction des pr\u00e9f\u00e9rences d\u00e9j\u00e0 exprim\u00e9es par ce m\u00eame utilisateur lors de sa navigation en ligne.<\/p>\n<p>6. Le consentement de l&#8217;utilisateur est-il requis pour l&#8217;installation de cookies sur son \u00e9quipement terminal?<\/p>\n<p>Cela d\u00e9pend des finalit\u00e9s pour lesquelles les cookies sont utilis\u00e9s et, par cons\u00e9quent, s&#8217;il s&#8217;agit de cookies &#8220;techniques&#8221; ou de cookies &#8220;de profilage&#8221;.<\/p>\n<p>Pour l&#8217;installation de cookies techniques, le consentement de l&#8217;utilisateur n&#8217;est pas requis, mais il est n\u00e9cessaire de lui fournir des informations (art. 13 du Code de la protection de la vie priv\u00e9e). Les cookies de profilage, en revanche, ne peuvent \u00eatre install\u00e9s sur le terminal de l&#8217;utilisateur que si ce dernier a donn\u00e9 son consentement apr\u00e8s avoir \u00e9t\u00e9 inform\u00e9 de mani\u00e8re simplifi\u00e9e.<\/p>\n<h4>Les types de cookies que nous utilisons<\/h4>\n<p style=\"font-weight: bold; margin: 0 0 5px 0;\">Des biscuits indispensables<\/p>\n<p>Ces cookies sont essentiels pour vous permettre de vous d\u00e9placer sur le site et d&#8217;utiliser pleinement ses fonctionnalit\u00e9s, telles que l&#8217;acc\u00e8s aux diff\u00e9rentes zones prot\u00e9g\u00e9es du site. Sans ces cookies, certains services n\u00e9cessaires, tels que le remplissage d&#8217;un formulaire pour un concours, ne peuvent \u00eatre utilis\u00e9s.<\/p>\n<p style=\"font-weight: bold; margin: 0 0 5px 0;\">Cookies analytiques<\/p>\n<p>Ces cookies recueillent des informations sur la mani\u00e8re dont les utilisateurs se servent d&#8217;un site web, par exemple les pages les plus visit\u00e9es, si vous recevez des messages d&#8217;erreur des pages web. Ces cookies ne collectent pas d&#8217;informations permettant d&#8217;identifier un visiteur. Toutes les informations collect\u00e9es par les cookies sont agr\u00e9g\u00e9es et donc anonymes. Elles sont utilis\u00e9es pour am\u00e9liorer le fonctionnement d&#8217;un site web.<\/p>\n<table>\n<tbody>\n<tr>\n<td>Nom du cookie<\/td>\n<td>Date limite<\/td>\n<td>Description<\/td>\n<\/tr>\n<tr>\n<td>_ga<\/td>\n<td>2 ann\u00e9es<\/td>\n<td>Utilis\u00e9 pour distinguer les utilisateurs uniques en leur attribuant un num\u00e9ro g\u00e9n\u00e9r\u00e9 de mani\u00e8re al\u00e9atoire en tant qu&#8217;identifiant client. Il est inclus dans chaque page demand\u00e9e sur un site et utilis\u00e9 pour calculer les donn\u00e9es relatives aux visiteurs, aux sessions et aux campagnes pour les rapports d&#8217;analyse du site.<\/td>\n<\/tr>\n<tr>\n<td>_gat<\/td>\n<td>10 minutes<\/td>\n<td>Utilis\u00e9 pour acc\u00e9l\u00e9rer le temps de chargement des pages en limitant la collecte de donn\u00e9es sur les sites \u00e0 fort trafic.<\/td>\n<\/tr>\n<\/tbody>\n<\/table>\n<p>&nbsp;<\/p>\n<p>Vous pouvez emp\u00eacher Google de suivre un cookie g\u00e9n\u00e9r\u00e9 par votre utilisation de ce site Web (y compris votre adresse IP) et de traiter ces donn\u00e9es en t\u00e9l\u00e9chargeant et en installant ce plugin de navigateur: <a href=\"https:\/\/tools.google.com\/dlpage\/gaoptout\" target=\"_blank\" rel=\"noopener\">https:\/\/tools.google.com\/dlpage\/gaoptout<\/a><\/p>\n<p>&nbsp;<\/p>\n<p style=\"font-weight: bold; margin: 0 0 5px 0;\">Cookies de fonctionnalit\u00e9<\/p>\n<p>Les cookies permettent au site de se souvenir des choix que vous faites (tels que votre nom, votre langue ou votre r\u00e9gion) et de fournir des fonctions personnalis\u00e9es avanc\u00e9es. Ces cookies peuvent \u00e9galement \u00eatre utilis\u00e9s pour m\u00e9moriser les modifications que vous apportez \u00e0 la taille du texte, aux polices de caract\u00e8res et \u00e0 d&#8217;autres parties des pages web que vous pouvez personnaliser. Ils peuvent \u00e9galement \u00eatre utilis\u00e9s pour fournir des services que vous avez demand\u00e9s, comme regarder une vid\u00e9o ou commenter un blog. Les informations collect\u00e9es par ces types de cookies peuvent \u00eatre anonymes et ne peuvent pas suivre votre activit\u00e9 de navigation sur d&#8217;autres sites web.<br \/>\nEn utilisant notre site, vous acceptez que de tels cookies soient install\u00e9s sur votre appareil.<\/p>\n<p>&nbsp;<\/p>\n<h4>Comment bloquer les cookies<\/h4>\n<p style=\"font-weight: bold; margin: 0 0 5px 0;\">Internet Explorer<\/p>\n<ul>\n<li>Cliquez sur l&#8217;ic\u00f4ne en forme de roue dent\u00e9e en haut \u00e0 droite du navigateur<\/li>\n<li>S\u00e9lectionnez l&#8217;\u00e9l\u00e9ment &#8220;Options Internet&#8221;, puis cliquez sur l&#8217;onglet \u00ab Confidentialit\u00e9 \u00bb et sur le bouton &#8220;Avanc\u00e9&#8221;<\/li>\n<li>Cochez la case situ\u00e9e \u00e0 c\u00f4t\u00e9 de &#8220;Remplacer la gestion automatique des cookies&#8221; et s\u00e9lectionnez &#8220;Bloquer&#8221; sous &#8220;Cookies de sites Web&#8221; et &#8220;Cookies de tiers&#8221; pour d\u00e9sactiver les cookies respectifs<\/li>\n<li>Cliquez ensuite sur &#8220;Ok&#8221;<\/li>\n<\/ul>\n<p>NB. Pour n&#8217;autoriser les cookies qu&#8217;\u00e0 partir de certains sites, cliquez sur le bouton &#8220;Sites&#8221;, tapez l&#8217;url du site souhait\u00e9 et cliquez sur &#8220;Autoriser&#8221;.<br \/>\nPour activer la fonction &#8220;Do Not Track&#8221;, cliquez sur l&#8217;ic\u00f4ne en forme de roue dent\u00e9e dans le coin sup\u00e9rieur droit, s\u00e9lectionnez &#8220;S\u00e9curit\u00e9&#8221; &amp;gt ; &#8220;Activer les demandes de &#8220;Do Not Track&#8221; dans le menu qui appara\u00eet et cliquez sur le bouton &#8220;Activer&#8221; dans la fen\u00eatre qui s&#8217;ouvre.<\/p>\n<p>&nbsp;<\/p>\n<p style=\"font-weight: bold; margin: 0 0 5px 0;\">Google Chrome<\/p>\n<ul>\n<li>Cliquez sur l&#8217;ic\u00f4ne de menu en haut \u00e0 droite du navigateur<\/li>\n<li>S\u00e9lectionnez l&#8217;\u00e9l\u00e9ment &#8220;Param\u00e8tres&#8221;, puis cliquez sur &#8220;Afficher les param\u00e8tres avanc\u00e9s&#8221; et ensuite sur le bouton &#8220;Param\u00e8tres de contenu&#8221;<\/li>\n<li>Cochez la case &#8220;Emp\u00eacher les sites de d\u00e9finir des donn\u00e9es&#8221; et\/ou la case &#8220;Bloquer les cookies de tiers et les donn\u00e9es de site&#8221;<\/li>\n<li>Cliquez ensuite sur &#8220;Terminer&#8221;<\/li>\n<\/ul>\n<p>NB. Pour n&#8217;autoriser que les cookies provenant de certains sites, cliquez sur le bouton &#8220;G\u00e9rer les exceptions&#8221;, tapez l&#8217;url du site souhait\u00e9, cliquez sur &#8220;Autoriser&#8221; puis sur &#8220;Terminer&#8221;.<br \/>\nPour activer la fonction &#8220;Do Not Track&#8221;, retournez dans le menu &#8220;Param\u00e8tres&#8221; &amp;gt ; &#8220;Afficher les param\u00e8tres avanc\u00e9s&#8221; de Chrome et cochez la case &#8220;Envoyer une demande \u201cDo Not Track\u201d avec votre trafic de navigation&#8221;.<\/p>\n<p>&nbsp;<\/p>\n<p style=\"font-weight: bold; margin: 0 0 5px 0;\">Firefox<\/p>\n<ul>\n<li>Cliquez sur l&#8217;ic\u00f4ne de menu en haut \u00e0 droite du navigateur<\/li>\n<li>S\u00e9lectionnez l&#8217;\u00e9l\u00e9ment &#8220;Options&#8221;, puis cliquez sur l&#8217;onglet &#8220;Confidentialit\u00e9&#8221;<\/li>\n<li>Dans le menu d\u00e9roulant &#8220;Param\u00e8tres de l&#8217;historique&#8221;, s\u00e9lectionnez &#8220;Utiliser les param\u00e8tres personnalis\u00e9s&#8221; et d\u00e9cochez l&#8217;option &#8220;Accepter les cookies des sites&#8221;. Si vous souhaitez uniquement bloquer les cookies des sites tiers, r\u00e9glez le menu d\u00e9roulant &#8220;Accepter les cookies tiers&#8221; sur &#8220;Jamais&#8221;<\/li>\n<\/ul>\n<p>NB. Pour activer la fonction &#8220;Do Not Track&#8221;, retournez dans le menu &#8220;Options&#8221; &amp;gt ; &#8220;Confidentialit\u00e9&#8221; de Firefox et cochez la case &#8220;Exiger que les sites ne suivent pas&#8221;.<\/p>\n<p>&nbsp;<\/p>\n<p style=\"font-weight: bold; margin: 0 0 5px 0;\">Safari<\/p>\n<ul>\n<li>S\u00e9lectionnez l&#8217;\u00e9l\u00e9ment &#8220;Pr\u00e9f\u00e9rences&#8221; dans le menu Safari en haut \u00e0 gauche du navigateur<\/li>\n<li>S\u00e9lectionnez l&#8217;\u00e9l\u00e9ment &#8220;Confidentialit\u00e9&#8221;, puis cliquez sur la coche &#8220;Toujours bloquer&#8221;<\/li>\n<li>Si vous souhaitez autoriser les cookies sur un seul site web, visitez ce site, revenez aux param\u00e8tres de confidentialit\u00e9 du navigateur et cochez la case &#8220;Autoriser uniquement \u00e0 partir du site web actuel&#8221;<\/li>\n<\/ul>\n<p>NB. Pour activer la fonction &#8220;Do Not Track&#8221;, retournez dans le &#8220;menu Safari&#8221; &amp;gt ; &#8220;Pr\u00e9f\u00e9rences&#8221; &amp;gt ; &#8220;Vie priv\u00e9e&#8221; et cochez la case &#8220;Demander aux sites web de ne pas me suivre&#8221;.<\/p>\n<p>&nbsp;<\/p>\n<p style=\"font-weight: bold; margin: 0 0 5px 0;\">Bloquer les cookies sur les appareils mobiles Android<\/p>\n<ul>\n<li>Chrome\n<ul>\n<li>Cliquez sur le bouton &#8220;Menu&#8221; en haut \u00e0 droite du navigateur<\/li>\n<li>S\u00e9lectionnez l&#8217;\u00e9l\u00e9ment &#8220;Param\u00e8tres&#8221;, puis cliquez sur &#8220;Param\u00e8tres de contenu&#8221; et d\u00e9cochez la case &#8220;Accepter les cookies&#8221;.<\/li>\n<\/ul>\n<p>NB. Pour activer la fonction &#8220;Do Not Track&#8221;, allez plut\u00f4t dans &#8220;Param\u00e8tres&#8221; &amp;gt ; &#8220;Vie priv\u00e9e&#8221;, cliquez sur le bouton &#8220;Do Not Track&#8221; et mettez la bascule dans le coin sup\u00e9rieur droit sur ON.<\/li>\n<li>Firefox\n<ul>\n<li>Cliquez sur le bouton &#8220;Menu&#8221; en haut \u00e0 droite du navigateur<\/li>\n<li>S\u00e9lectionnez la rubrique &#8220;Param\u00e8tres&#8221;, puis cliquez sur &#8220;Cookies&#8221; et cochez la case &#8220;D\u00e9sactiv\u00e9s&#8221; si vous souhaitez les d\u00e9sactiver compl\u00e8tement, sinon la case &#8220;Actifs, sauf pour les sites tiers&#8221; si vous souhaitez d\u00e9sactiver les cookies uniquement pour les sites tiers.<\/li>\n<\/ul>\n<p>NB. Pour activer la fonction &#8220;Do Not Track&#8221;, cliquez plut\u00f4t sur &#8220;Tracking&#8221; et choisissez l&#8217;option &#8220;Ask sites not to track&#8221; dans la bo\u00eete qui s&#8217;ouvre.<\/li>\n<\/ul>\n<p style=\"font-weight: bold; margin: 0 0 5px 0;\">Bloquer les cookies sur les appareils mobiles Apple<\/p>\n<ul>\n<li>S\u00e9lectionnez l&#8217;\u00e9l\u00e9ment &#8220;R\u00e9glages&#8221; dans le menu iOS de l&#8217;\u00e9cran d&#8217;accueil.<\/li>\n<li>S\u00e9lectionnez l&#8217;ic\u00f4ne Safari dans le menu qui s&#8217;ouvre<\/li>\n<li>Sous &#8220;Bloquer les cookies&#8221;, cochez l&#8217;option &#8220;Toujours bloquer&#8221; pour d\u00e9sactiver compl\u00e8tement les cookies.<\/li>\n<\/ul>\n<p>NB. Pour activer la fonction &#8220;Do Not Track&#8221;, retournez dans le menu &#8220;Settings&#8221; &amp;gt ; &#8220;Safari&#8221; et mettez l&#8217;option &#8220;Do Not Track&#8221; sur &#8220;ON&#8221;.<\/p>\n<\/div><\/div><\/div><\/div><\/div><\/div><\/section>\n","protected":false},"excerpt":{"rendered":"1. Qu&#8217;est-ce qu&#8217;un cookie ? Les cookies sont de petits fichiers texte que les sites visit\u00e9s par les utilisateurs envoient \u00e0 leurs terminaux, o\u00f9 ils sont stock\u00e9s afin d&#8217;\u00eatre retransmis aux m\u00eames sites lors de la prochaine visite. Les cookies de tiers, en revanche, sont install\u00e9s par un site web autre que celui que l&#8217;utilisateur...","protected":false},"author":1,"featured_media":5285,"parent":0,"menu_order":0,"comment_status":"closed","ping_status":"closed","template":"","meta":{"footnotes":""},"class_list":["post-5677","page","type-page","status-publish","has-post-thumbnail","hentry"],"yoast_head":"<!-- This site is optimized with the Yoast SEO plugin v26.6 - https:\/\/yoast.com\/wordpress\/plugins\/seo\/ -->\n<title>Politique de cookies - Edilfibro S.p.a.<\/title>\n<meta name=\"robots\" content=\"index, follow, max-snippet:-1, max-image-preview:large, max-video-preview:-1\" \/>\n<link rel=\"canonical\" href=\"https:\/\/www.edilfibro.it\/fr\/cookie-policy\/\" \/>\n<meta property=\"og:locale\" content=\"fr_FR\" \/>\n<meta property=\"og:type\" content=\"article\" \/>\n<meta property=\"og:title\" content=\"Politique de cookies - Edilfibro S.p.a.\" \/>\n<meta property=\"og:url\" content=\"https:\/\/www.edilfibro.it\/fr\/cookie-policy\/\" \/>\n<meta property=\"og:site_name\" content=\"Edilfibro S.p.a.\" \/>\n<meta property=\"article:publisher\" content=\"https:\/\/www.facebook.com\/edilfibro\" \/>\n<meta property=\"article:modified_time\" content=\"2024-11-07T11:16:20+00:00\" \/>\n<meta property=\"og:image\" content=\"https:\/\/www.edilfibro.it\/wp-content\/uploads\/2024\/03\/aerea_stabilimento_1920x650.jpg\" \/>\n\t<meta property=\"og:image:width\" content=\"1896\" \/>\n\t<meta property=\"og:image:height\" content=\"650\" \/>\n\t<meta property=\"og:image:type\" content=\"image\/jpeg\" \/>\n<meta name=\"twitter:card\" content=\"summary_large_image\" \/>\n<meta name=\"twitter:label1\" content=\"Dur\u00e9e de lecture estim\u00e9e\" \/>\n\t<meta name=\"twitter:data1\" content=\"8 minutes\" \/>\n<script type=\"application\/ld+json\" class=\"yoast-schema-graph\">{\"@context\":\"https:\/\/schema.org\",\"@graph\":[{\"@type\":\"WebPage\",\"@id\":\"https:\/\/www.edilfibro.it\/fr\/cookie-policy\/\",\"url\":\"https:\/\/www.edilfibro.it\/fr\/cookie-policy\/\",\"name\":\"Politique de cookies - Edilfibro S.p.a.\",\"isPartOf\":{\"@id\":\"https:\/\/www.edilfibro.it\/fr\/#website\"},\"primaryImageOfPage\":{\"@id\":\"https:\/\/www.edilfibro.it\/fr\/cookie-policy\/#primaryimage\"},\"image\":{\"@id\":\"https:\/\/www.edilfibro.it\/fr\/cookie-policy\/#primaryimage\"},\"thumbnailUrl\":\"https:\/\/www.edilfibro.it\/wp-content\/uploads\/2024\/03\/aerea_stabilimento_1920x650.jpg\",\"datePublished\":\"2017-06-28T15:24:25+00:00\",\"dateModified\":\"2024-11-07T11:16:20+00:00\",\"breadcrumb\":{\"@id\":\"https:\/\/www.edilfibro.it\/fr\/cookie-policy\/#breadcrumb\"},\"inLanguage\":\"fr-FR\",\"potentialAction\":[{\"@type\":\"ReadAction\",\"target\":[\"https:\/\/www.edilfibro.it\/fr\/cookie-policy\/\"]}]},{\"@type\":\"ImageObject\",\"inLanguage\":\"fr-FR\",\"@id\":\"https:\/\/www.edilfibro.it\/fr\/cookie-policy\/#primaryimage\",\"url\":\"https:\/\/www.edilfibro.it\/wp-content\/uploads\/2024\/03\/aerea_stabilimento_1920x650.jpg\",\"contentUrl\":\"https:\/\/www.edilfibro.it\/wp-content\/uploads\/2024\/03\/aerea_stabilimento_1920x650.jpg\",\"width\":1896,\"height\":650},{\"@type\":\"BreadcrumbList\",\"@id\":\"https:\/\/www.edilfibro.it\/fr\/cookie-policy\/#breadcrumb\",\"itemListElement\":[{\"@type\":\"ListItem\",\"position\":1,\"name\":\"Home\",\"item\":\"https:\/\/www.edilfibro.it\/fr\/\"},{\"@type\":\"ListItem\",\"position\":2,\"name\":\"Politique de cookies\"}]},{\"@type\":\"WebSite\",\"@id\":\"https:\/\/www.edilfibro.it\/fr\/#website\",\"url\":\"https:\/\/www.edilfibro.it\/fr\/\",\"name\":\"Edilfibro S.p.a.\",\"description\":\"Coperture per tetti, lastre fibrocemento e metallo\",\"publisher\":{\"@id\":\"https:\/\/www.edilfibro.it\/fr\/#organization\"},\"potentialAction\":[{\"@type\":\"SearchAction\",\"target\":{\"@type\":\"EntryPoint\",\"urlTemplate\":\"https:\/\/www.edilfibro.it\/fr\/?s={search_term_string}\"},\"query-input\":{\"@type\":\"PropertyValueSpecification\",\"valueRequired\":true,\"valueName\":\"search_term_string\"}}],\"inLanguage\":\"fr-FR\"},{\"@type\":\"Organization\",\"@id\":\"https:\/\/www.edilfibro.it\/fr\/#organization\",\"name\":\"Edilfibro S.p.a.\",\"url\":\"https:\/\/www.edilfibro.it\/fr\/\",\"logo\":{\"@type\":\"ImageObject\",\"inLanguage\":\"fr-FR\",\"@id\":\"https:\/\/www.edilfibro.it\/fr\/#\/schema\/logo\/image\/\",\"url\":\"https:\/\/www.edilfibro.it\/wp-content\/uploads\/2024\/09\/Logo-Edilfibro-2024-verde.webp\",\"contentUrl\":\"https:\/\/www.edilfibro.it\/wp-content\/uploads\/2024\/09\/Logo-Edilfibro-2024-verde.webp\",\"width\":270,\"height\":105,\"caption\":\"Edilfibro S.p.a.\"},\"image\":{\"@id\":\"https:\/\/www.edilfibro.it\/fr\/#\/schema\/logo\/image\/\"},\"sameAs\":[\"https:\/\/www.facebook.com\/edilfibro\",\"https:\/\/www.linkedin.com\/company\/edilfibrospa\/\",\"https:\/\/www.youtube.com\/channel\/UCfz1PuhFpXa0MFkRDzC_Cgw\"]}]}<\/script>\n<!-- \/ Yoast SEO plugin. -->","yoast_head_json":{"title":"Politique de cookies - Edilfibro S.p.a.","robots":{"index":"index","follow":"follow","max-snippet":"max-snippet:-1","max-image-preview":"max-image-preview:large","max-video-preview":"max-video-preview:-1"},"canonical":"https:\/\/www.edilfibro.it\/fr\/cookie-policy\/","og_locale":"fr_FR","og_type":"article","og_title":"Politique de cookies - Edilfibro S.p.a.","og_url":"https:\/\/www.edilfibro.it\/fr\/cookie-policy\/","og_site_name":"Edilfibro S.p.a.","article_publisher":"https:\/\/www.facebook.com\/edilfibro","article_modified_time":"2024-11-07T11:16:20+00:00","og_image":[{"width":1896,"height":650,"url":"https:\/\/www.edilfibro.it\/wp-content\/uploads\/2024\/03\/aerea_stabilimento_1920x650.jpg","type":"image\/jpeg"}],"twitter_card":"summary_large_image","twitter_misc":{"Dur\u00e9e de lecture estim\u00e9e":"8 minutes"},"schema":{"@context":"https:\/\/schema.org","@graph":[{"@type":"WebPage","@id":"https:\/\/www.edilfibro.it\/fr\/cookie-policy\/","url":"https:\/\/www.edilfibro.it\/fr\/cookie-policy\/","name":"Politique de cookies - Edilfibro S.p.a.","isPartOf":{"@id":"https:\/\/www.edilfibro.it\/fr\/#website"},"primaryImageOfPage":{"@id":"https:\/\/www.edilfibro.it\/fr\/cookie-policy\/#primaryimage"},"image":{"@id":"https:\/\/www.edilfibro.it\/fr\/cookie-policy\/#primaryimage"},"thumbnailUrl":"https:\/\/www.edilfibro.it\/wp-content\/uploads\/2024\/03\/aerea_stabilimento_1920x650.jpg","datePublished":"2017-06-28T15:24:25+00:00","dateModified":"2024-11-07T11:16:20+00:00","breadcrumb":{"@id":"https:\/\/www.edilfibro.it\/fr\/cookie-policy\/#breadcrumb"},"inLanguage":"fr-FR","potentialAction":[{"@type":"ReadAction","target":["https:\/\/www.edilfibro.it\/fr\/cookie-policy\/"]}]},{"@type":"ImageObject","inLanguage":"fr-FR","@id":"https:\/\/www.edilfibro.it\/fr\/cookie-policy\/#primaryimage","url":"https:\/\/www.edilfibro.it\/wp-content\/uploads\/2024\/03\/aerea_stabilimento_1920x650.jpg","contentUrl":"https:\/\/www.edilfibro.it\/wp-content\/uploads\/2024\/03\/aerea_stabilimento_1920x650.jpg","width":1896,"height":650},{"@type":"BreadcrumbList","@id":"https:\/\/www.edilfibro.it\/fr\/cookie-policy\/#breadcrumb","itemListElement":[{"@type":"ListItem","position":1,"name":"Home","item":"https:\/\/www.edilfibro.it\/fr\/"},{"@type":"ListItem","position":2,"name":"Politique de cookies"}]},{"@type":"WebSite","@id":"https:\/\/www.edilfibro.it\/fr\/#website","url":"https:\/\/www.edilfibro.it\/fr\/","name":"Edilfibro S.p.a.","description":"Coperture per tetti, lastre fibrocemento e metallo","publisher":{"@id":"https:\/\/www.edilfibro.it\/fr\/#organization"},"potentialAction":[{"@type":"SearchAction","target":{"@type":"EntryPoint","urlTemplate":"https:\/\/www.edilfibro.it\/fr\/?s={search_term_string}"},"query-input":{"@type":"PropertyValueSpecification","valueRequired":true,"valueName":"search_term_string"}}],"inLanguage":"fr-FR"},{"@type":"Organization","@id":"https:\/\/www.edilfibro.it\/fr\/#organization","name":"Edilfibro S.p.a.","url":"https:\/\/www.edilfibro.it\/fr\/","logo":{"@type":"ImageObject","inLanguage":"fr-FR","@id":"https:\/\/www.edilfibro.it\/fr\/#\/schema\/logo\/image\/","url":"https:\/\/www.edilfibro.it\/wp-content\/uploads\/2024\/09\/Logo-Edilfibro-2024-verde.webp","contentUrl":"https:\/\/www.edilfibro.it\/wp-content\/uploads\/2024\/09\/Logo-Edilfibro-2024-verde.webp","width":270,"height":105,"caption":"Edilfibro S.p.a."},"image":{"@id":"https:\/\/www.edilfibro.it\/fr\/#\/schema\/logo\/image\/"},"sameAs":["https:\/\/www.facebook.com\/edilfibro","https:\/\/www.linkedin.com\/company\/edilfibrospa\/","https:\/\/www.youtube.com\/channel\/UCfz1PuhFpXa0MFkRDzC_Cgw"]}]}},"_links":{"self":[{"href":"https:\/\/www.edilfibro.it\/fr\/wp-json\/wp\/v2\/pages\/5677","targetHints":{"allow":["GET"]}}],"collection":[{"href":"https:\/\/www.edilfibro.it\/fr\/wp-json\/wp\/v2\/pages"}],"about":[{"href":"https:\/\/www.edilfibro.it\/fr\/wp-json\/wp\/v2\/types\/page"}],"author":[{"embeddable":true,"href":"https:\/\/www.edilfibro.it\/fr\/wp-json\/wp\/v2\/users\/1"}],"replies":[{"embeddable":true,"href":"https:\/\/www.edilfibro.it\/fr\/wp-json\/wp\/v2\/comments?post=5677"}],"version-history":[{"count":3,"href":"https:\/\/www.edilfibro.it\/fr\/wp-json\/wp\/v2\/pages\/5677\/revisions"}],"predecessor-version":[{"id":6527,"href":"https:\/\/www.edilfibro.it\/fr\/wp-json\/wp\/v2\/pages\/5677\/revisions\/6527"}],"wp:featuredmedia":[{"embeddable":true,"href":"https:\/\/www.edilfibro.it\/fr\/wp-json\/wp\/v2\/media\/5285"}],"wp:attachment":[{"href":"https:\/\/www.edilfibro.it\/fr\/wp-json\/wp\/v2\/media?parent=5677"}],"curies":[{"name":"wp","href":"https:\/\/api.w.org\/{rel}","templated":true}]}}