{"id":5675,"date":"2020-10-07T15:50:22","date_gmt":"2020-10-07T13:50:22","guid":{"rendered":"https:\/\/edilfibro2.noon.srl\/privacy-policy\/"},"modified":"2024-11-07T14:23:22","modified_gmt":"2024-11-07T13:23:22","slug":"privacy-policy","status":"publish","type":"page","link":"https:\/\/www.edilfibro.it\/fr\/privacy-policy\/","title":{"rendered":"Politique de confidentialit\u00e9"},"content":{"rendered":"<section class=\"l-section wpb_row height_medium\"><div class=\"l-section-h i-cf\"><div class=\"g-cols vc_row via_grid cols_1 laptops-cols_inherit tablets-cols_inherit mobiles-cols_1 valign_top type_default stacking_default\"><div class=\"wpb_column vc_column_container\"><div class=\"vc_column-inner\"><div class=\"wpb_text_column\"><div class=\"wpb_wrapper\"><h4><strong>Informations fournies conform\u00e9ment \u00e0 l&#8217;article 13 du r\u00e8glement (UE) 2016\/679 (ci-apr\u00e8s d\u00e9nomm\u00e9 GDPR)<\/strong><\/h4>\n<h4>Informations g\u00e9n\u00e9rales<\/h4>\n<p>Les personnes concern\u00e9es sont inform\u00e9es (ex Art.4, c.1 du GDPR) des profils g\u00e9n\u00e9raux suivants, valables pour tous les domaines de traitement:<\/p>\n<ul>\n<li>toutes les donn\u00e9es sont trait\u00e9es de mani\u00e8re licite, correcte et transparente par rapport \u00e0 la personne concern\u00e9e, dans le respect des principes g\u00e9n\u00e9raux \u00e9nonc\u00e9s \u00e0 l&#8217;article 5 du GDPR;<\/li>\n<li>des mesures de s\u00e9curit\u00e9 sp\u00e9cifiques sont observ\u00e9es pour pr\u00e9venir la perte de donn\u00e9es, l&#8217;utilisation ill\u00e9gale ou incorrecte et l&#8217;acc\u00e8s non autoris\u00e9.<\/li>\n<\/ul>\n<h4>R\u00e9f\u00e9rences et droits des personnes concern\u00e9es<\/h4>\n<ul>\n<li>Le responsable du traitement est le soussign\u00e9 Edilfibro Spa, en la personne de son repr\u00e9sentant l\u00e9gal pro tempore, qui peut \u00eatre contact\u00e9 pour exercer tous les droits pr\u00e9vus par les articles 15 \u00e0 21 du GDPR (droit d&#8217;acc\u00e8s, de rectification, d&#8217;annulation, de limitation, de portabilit\u00e9, d&#8217;opposition), ainsi que pour r\u00e9voquer le consentement pr\u00e9c\u00e9demment accord\u00e9 ; en cas d&#8217;absence de r\u00e9ponse \u00e0 leurs demandes, les personnes concern\u00e9es peuvent d\u00e9poser une plainte aupr\u00e8s de l&#8217;Autorit\u00e9 de protection des donn\u00e9es (GDPR &#8211; Art.13, paragraphe 2, lettre d).<\/li>\n<\/ul>\n<h4>Coordonn\u00e9es du titulaire<\/h4>\n<p>Adresse: S.S. N. 10 \u2013 Km 164, 700 &#8211; 27040 Arena Po (PV) Italy<\/p>\n<p>T\u00e9l: +39 0385 272811 \u2013 Email: <a title=\"info@edilfibro.it\" href=\"mailto:info@edilfibro.it\">info@edilfibro.it<\/a>.<\/p>\n<h4>Donn\u00e9es de navigation<\/h4>\n<p>Les syst\u00e8mes informatiques et les proc\u00e9dures logicielles utilis\u00e9s pour le fonctionnement de ce site web acqui\u00e8rent, au cours de leur fonctionnement normal, certaines donn\u00e9es personnelles dont la transmission est implicite dans l&#8217;utilisation des protocoles de communication d&#8217;Internet. Ces informations ne sont pas collect\u00e9es pour \u00eatre associ\u00e9es \u00e0 des personnes int\u00e9ress\u00e9es identifi\u00e9es, mais, de par leur nature m\u00eame, elles pourraient, par le biais du traitement et de l&#8217;association avec des donn\u00e9es d\u00e9tenues par des tiers, permettre d&#8217;identifier les utilisateurs. Cette cat\u00e9gorie de donn\u00e9es comprend les adresses IP ou les noms de domaine des ordinateurs utilis\u00e9s par les utilisateurs qui se connectent au site, les adresses de notation URI (Uniform Resource Identifier) des ressources demand\u00e9es, l&#8217;heure de la demande, la m\u00e9thode utilis\u00e9e pour soumettre la demande au serveur, la taille du fichier obtenu en r\u00e9ponse, le code num\u00e9rique indiquant l&#8217;\u00e9tat de la r\u00e9ponse donn\u00e9e par le serveur (succ\u00e8s, erreur, etc.) et d&#8217;autres param\u00e8tres relatifs au syst\u00e8me d&#8217;exploitation et \u00e0 l&#8217;environnement informatique de l&#8217;utilisateur.<\/p>\n<div class=\"table-responsive wprt_style_display\">\n<table class=\"table table-bordered\">\n<tbody>\n<tr>\n<td><strong>Finalit\u00e9 et base juridique du traitement<\/strong><br \/>\n(GDPR-Article 13(1)(c))<\/td>\n<td>Ces donn\u00e9es sont utilis\u00e9es dans le seul but d&#8217;obtenir des informations statistiques sur l&#8217;utilisation du site et d&#8217;en v\u00e9rifier le bon fonctionnement. Les donn\u00e9es pourraient \u00e9galement \u00eatre utilis\u00e9es pour d\u00e9terminer les responsabilit\u00e9s en cas d&#8217;hypoth\u00e9tiques d\u00e9lits informatiques au d\u00e9triment du site (int\u00e9r\u00eats l\u00e9gitimes du propri\u00e9taire).<\/td>\n<\/tr>\n<tr>\n<td><strong>Champ d&#8217;application de la communication<\/strong><br \/>\n(GDPR-Article 13(1)(e,f))<\/td>\n<td>Les donn\u00e9es ne peuvent \u00eatre trait\u00e9es que par le personnel interne, d\u00fbment autoris\u00e9 et form\u00e9 au traitement des donn\u00e9es (GDPR-Art. 29) ou par toute personne charg\u00e9e de la maintenance de la plateforme web (d\u00e9sign\u00e9e dans ce cas comme responsable externe du traitement des donn\u00e9es) et ne seront pas divulgu\u00e9es \u00e0 d&#8217;autres parties, diffus\u00e9es ou transf\u00e9r\u00e9es vers des pays non membres de l&#8217;UE. Elles ne seront pas divulgu\u00e9es \u00e0 d&#8217;autres parties, diffus\u00e9es ou transf\u00e9r\u00e9es \u00e0 des pays non membres de l&#8217;UE. Elles ne seront mises \u00e0 la disposition des autorit\u00e9s comp\u00e9tentes qu&#8217;en cas d&#8217;enqu\u00eate.<\/td>\n<\/tr>\n<tr>\n<td><strong>P\u00e9riode de conservation des donn\u00e9es<\/strong><br \/>\n(GDPR-Article 13(2)(a))<\/td>\n<td>Les donn\u00e9es sont normalement conserv\u00e9es pendant de courtes p\u00e9riodes, sauf en cas de prolongation \u00e9ventuelle dans le cadre d&#8217;activit\u00e9s d&#8217;enqu\u00eate.<\/td>\n<\/tr>\n<tr>\n<td><strong>Contribution<\/strong><br \/>\n(GDPR-Art.13, paragraphe 2, lett.f) Les donn\u00e9es ne sont pas fournies par la personne concern\u00e9e mais automatiquement acquises par les syst\u00e8mes technologiques du site.<\/td>\n<td>Les donn\u00e9es ne sont pas communiqu\u00e9es par l&#8217;int\u00e9ress\u00e9 mais automatiquement acquises par les syst\u00e8mes technologiques du site.<\/td>\n<\/tr>\n<\/tbody>\n<\/table>\n<\/div>\n<h4>Cookies<\/h4>\n<p><strong>Qu&#8217;est-ce qu&#8217;un cookie<\/strong>: Les cookies sont de courts fragments de texte (lettres et\/ou chiffres) qui permettent au serveur web de stocker des informations sur le client (le navigateur) afin de les r\u00e9utiliser lors de la m\u00eame visite sur le site (cookies de session) ou par la suite, m\u00eame plusieurs jours apr\u00e8s (cookies persistants). Les cookies sont stock\u00e9s, selon les pr\u00e9f\u00e9rences de l&#8217;utilisateur, par le navigateur individuel sur l&#8217;appareil sp\u00e9cifique utilis\u00e9 (ordinateur, tablette, smartphone). Des technologies similaires, telles que, par exemple, les balises web, les GIF transparents et toutes les formes de stockage local introduites avec HTML5, peuvent \u00eatre utilis\u00e9es pour collecter des informations sur le comportement de l&#8217;utilisateur et l&#8217;utilisation des services. Dans la suite de cette politique, nous ferons r\u00e9f\u00e9rence aux cookies et \u00e0 toutes les technologies similaires en utilisant simplement le terme &#8220;cookies&#8221;.<\/p>\n<h4>Types possibles de cookies de premi\u00e8re partie et m\u00e9thodes de gestion des pr\u00e9f\u00e9rences<\/h4>\n<div class=\"table-responsive wprt_style_display\">\n<table class=\"table table-bordered\">\n<tbody>\n<tr>\n<th>CAT\u00c9GORIE<\/th>\n<th>OBJECTIF<\/th>\n<th>GESTION DES PR\u00c9F\u00c9RENCES<\/th>\n<\/tr>\n<tr>\n<td><strong>Techniciens de navigation ou de session<\/strong><\/td>\n<td>Assurer une navigation et une utilisation normales du site<\/td>\n<td rowspan=\"4\">En utilisant les principaux navigateurs, il est possible de:<\/p>\n<ul>\n<li>Bloquer par d\u00e9faut la r\u00e9ception de tous les types de cookies (ou de certains d&#8217;entre eux)<\/li>\n<li>Consulter la liste analytique des cookies utilis\u00e9s<\/li>\n<li>Supprimer tout ou partie des cookies install\u00e9s<\/li>\n<\/ul>\n<p>Pour plus d&#8217;informations sur le param\u00e9trage des diff\u00e9rents navigateurs, voir le paragraphe sp\u00e9cifique. Veuillez noter que le blocage ou la suppression des cookies peut affecter la navigabilit\u00e9 du site.<\/td>\n<\/tr>\n<tr>\n<td><strong>Techniques analytiques<\/strong><\/td>\n<td>Collecte d&#8217;informations sur le nombre de visiteurs et de pages consult\u00e9es<\/td>\n<\/tr>\n<tr>\n<td><strong>Techniciens de la fonctionnalit\u00e9<\/strong><\/td>\n<td>Permettre la navigation en fonction d&#8217;un ensemble de crit\u00e8res s\u00e9lectionn\u00e9s<\/td>\n<\/tr>\n<tr>\n<td><strong>Profilage<\/strong><\/td>\n<td>Cr\u00e9ation de profils d&#8217;utilisateurs afin d&#8217;envoyer des messages publicitaires en fonction des pr\u00e9f\u00e9rences.<\/td>\n<\/tr>\n<\/tbody>\n<\/table>\n<\/div>\n<p>Le site peut contenir des liens vers des sites de tiers et des cookies de tiers; pour plus d&#8217;informations, veuillez consulter les politiques de confidentialit\u00e9 des sites li\u00e9s.<\/p>\n<h4>Gestion des pr\u00e9f\u00e9rences via les principaux navigateurs<\/h4>\n<p>Les utilisateurs peuvent d\u00e9cider d&#8217;accepter ou non les cookies en utilisant les param\u00e8tres de leur navigateur (nous tenons \u00e0 souligner que, par d\u00e9faut, presque tous les navigateurs web sont r\u00e9gl\u00e9s pour accepter automatiquement les cookies). Les param\u00e8tres peuvent \u00eatre modifi\u00e9s et d\u00e9finis sp\u00e9cifiquement pour diff\u00e9rents sites web et applications web. En outre, les meilleurs navigateurs permettent des r\u00e9glages diff\u00e9rents pour les cookies &#8220;propri\u00e9taires&#8221; et &#8220;tiers&#8221;. En g\u00e9n\u00e9ral, la configuration des cookies s&#8217;effectue \u00e0 partir du menu &#8220;Pr\u00e9f\u00e9rences&#8221;, &#8220;Outils&#8221; ou &#8220;Options&#8221;.<\/p>\n<p>Vous trouverez ci-dessous des liens vers les guides de gestion des cookies des principaux navigateurs:<\/p>\n<ul>\n<li>Internet Explorer: <a href=\"http:\/\/support.microsoft.com\/kb\/278835\" target=\"_blank\" rel=\"noopener noreferrer\">http:\/\/support.microsoft.com\/kb\/278835<\/a><\/li>\n<li>Internet Explorer [version mobile]: <a href=\"http:\/\/www.windowsphone.com\/en-us\/how-to\/wp7\/web\/changing-privacy-and-other-browser-settings\" target=\"_blank\" rel=\"noopener noreferrer\">http:\/\/www.windowsphone.com\/en-us\/how-to\/wp7\/web\/changing-privacy-and-other-browser-settings<\/a><\/li>\n<li>Chrome: <a href=\"http:\/\/support.google.com\/chrome\/bin\/answer.py?hl=en-GB&amp;answer=95647\" target=\"_blank\" rel=\"noopener noreferrer\">http:\/\/support.google.com\/chrome\/bin\/answer.py?hl=en-GB&amp;answer=95647<\/a><\/li>\n<li>Safari: <a href=\"http:\/\/docs.info.apple.com\/article.html?path=Safari\/5.0\/en\/9277.html\" target=\"_blank\" rel=\"noopener noreferrer\">http:\/\/docs.info.apple.com\/article.html?path=Safari\/5.0\/en\/9277.html<\/a><\/li>\n<li>Safari [version mobile]: <a href=\"http:\/\/support.apple.com\/kb\/HT1677\" target=\"_blank\" rel=\"noopener noreferrer\">http:\/\/support.apple.com\/kb\/HT1677<\/a><\/li>\n<li>Firefox: <a href=\"http:\/\/support.mozilla.org\/en-US\/kb\/Enabling%20and%20disabling%20cookies\" target=\"_blank\" rel=\"noopener noreferrer\">http:\/\/support.mozilla.org\/en-US\/kb\/Enabling%20and%20disabling%20cookies<\/a><\/li>\n<li>Android: <a href=\"https:\/\/support.google.com\/accounts\/answer\/61416?co=GENIE.Platform%3DAndroid&amp;hl=en\" target=\"_blank\" rel=\"noopener noreferrer\">https:\/\/support.google.com\/accounts\/answer\/61416?co=GENIE.Platform%3DAndroid&amp;hl=en<\/a><\/li>\n<li>Opera: <a href=\"http:\/\/help.opera.com\/opera\/Windows\/1781\/it\/controlPages.html#manageCookies\" target=\"_blank\" rel=\"noopener noreferrer\">http:\/\/help.opera.com\/opera\/Windows\/1781\/it\/controlPages.html#manageCookies<\/a><\/li>\n<\/ul>\n<h4>Plus d&#8217;informations<\/h4>\n<ul>\n<li><a href=\"http:\/\/www.allaboutcookies.org\/\" target=\"_blank\" rel=\"noopener noreferrer\">www.allaboutcookies.org<\/a> (pour plus d&#8217;informations sur les technologies des cookies et leur fonctionnement)<\/li>\n<li><a href=\"http:\/\/www.youronlinechoices.com\/it\/a-proposito\" target=\"_blank\" rel=\"noopener noreferrer\">www.youronlinechoices.com\/it\/a-proposito<\/a> (permet aux utilisateurs de s&#8217;opposer \u00e0 l&#8217;installation des principaux cookies de profilage)<\/li>\n<li><a href=\"http:\/\/www.garanteprivacy.it\/cookie\" target=\"_blank\" rel=\"noopener noreferrer\">www.garanteprivacy.it\/cookie<\/a> (recueil des principales interventions r\u00e9glementaires de l&#8217;autorit\u00e9 de surveillance italienne en la mati\u00e8re)<\/li>\n<\/ul>\n<p>Pour plus d&#8217;informations ou pour exercer vos droits en vertu des articles 15 \u00e0 22 du r\u00e8glement europ\u00e9en sur la protection de la vie priv\u00e9e n\u00b0 679\/16, vous pouvez contacter le responsable du traitement des donn\u00e9es \u00e0 l&#8217;aide des contacts figurant sur le site web.<\/p>\n<h4>Services sp\u00e9cifiques<\/h4>\n<p>Le site peut contenir des formulaires de collecte de donn\u00e9es visant \u00e0 fournir \u00e0 l&#8217;internaute d&#8217;\u00e9ventuels services\/fonctions (par exemple, demande d&#8217;informations, enregistrement, etc.)<\/p>\n<div class=\"table-responsive wprt_style_display\">\n<table class=\"table table-bordered\">\n<tbody>\n<tr>\n<td><strong>Objectif et base juridique du traitement<\/strong><br \/>\n(GDPR-Article 13(1)(c))<\/td>\n<td>Les donn\u00e9es d&#8217;identification et de contact sont demand\u00e9es afin de pouvoir r\u00e9pondre aux demandes des parties int\u00e9ress\u00e9es. L&#8217;envoi de la demande est soumis \u00e0 un consentement sp\u00e9cifique, libre et \u00e9clair\u00e9 (GDPR-Art.6, para.1, lett.a).<\/td>\n<\/tr>\n<tr>\n<td><strong>Champ d&#8217;application de la communication<\/strong><br \/>\n(GDPR-Article 13(1)(e,f))<\/td>\n<td>Les donn\u00e9es sont trait\u00e9es exclusivement par du personnel d\u00fbment autoris\u00e9 et form\u00e9 (article 29 du GDPR) ou par toute personne charg\u00e9e de la maintenance de la plateforme web ou de la fourniture du service (d\u00e9sign\u00e9e dans ce cas comme responsable externe du traitement des donn\u00e9es).<\/td>\n<\/tr>\n<tr>\n<td><strong>P\u00e9riode de conservation des donn\u00e9es<\/strong><br \/>\n(GDPR-Article 13(2)(a))<\/td>\n<td>Les donn\u00e9es sont conserv\u00e9es pendant une p\u00e9riode compatible avec l&#8217;objectif de la collecte.<\/td>\n<\/tr>\n<tr>\n<td><strong>Contribution<\/strong><br \/>\n(GDPR-Art.13, para.2, lett.f) Les donn\u00e9es ne sont pas conf\u00e9r\u00e9es par la personne concern\u00e9e mais acquises automatiquement par les syst\u00e8mes technologiques du site.<\/td>\n<td>La fourniture de donn\u00e9es dans les champs obligatoires est n\u00e9cessaire pour pouvoir obtenir une r\u00e9ponse, tandis que les champs facultatifs sont destin\u00e9s \u00e0 fournir au personnel des informations suppl\u00e9mentaires pour faciliter le contact.<\/td>\n<\/tr>\n<\/tbody>\n<\/table>\n<\/div>\n<h4>Donn\u00e9es fournies volontairement par l&#8217;utilisateur<\/h4>\n<p>L&#8217;envoi facultatif, explicite et volontaire de courrier \u00e9lectronique et\/ou ordinaire aux adresses indiqu\u00e9es sur ce site entra\u00eene l&#8217;acquisition ult\u00e9rieure de l&#8217;adresse de l&#8217;exp\u00e9diteur, n\u00e9cessaire pour r\u00e9pondre aux demandes, ainsi que d&#8217;\u00e9ventuelles autres donn\u00e9es personnelles incluses dans le message. Si l&#8217;exp\u00e9diteur envoie son curriculum vitae pour soumettre une candidature professionnelle, il reste seul responsable de la pertinence et de l&#8217;exactitude des donn\u00e9es envoy\u00e9es. Veuillez noter que tout CV sans autorisation de traitement des donn\u00e9es sera imm\u00e9diatement supprim\u00e9.<\/p>\n<h4>Mise \u00e0 jour de la politique<\/h4>\n<p>Veuillez noter que la pr\u00e9sente note d&#8217;information peut faire l&#8217;objet de r\u00e9visions p\u00e9riodiques, notamment en ce qui concerne la l\u00e9gislation et la jurisprudence de r\u00e9f\u00e9rence. En cas de modifications significatives, un avis appropri\u00e9 sera donn\u00e9 sur la page d&#8217;accueil du site pendant une p\u00e9riode de temps appropri\u00e9e. La partie int\u00e9ress\u00e9e est en tout cas invit\u00e9e \u00e0 consulter p\u00e9riodiquement cette politique.<\/p>\n<\/div><\/div><\/div><\/div><\/div><\/div><\/section>\n","protected":false},"excerpt":{"rendered":"Informations fournies conform\u00e9ment \u00e0 l&#8217;article 13 du r\u00e8glement (UE) 2016\/679 (ci-apr\u00e8s d\u00e9nomm\u00e9 GDPR) Informations g\u00e9n\u00e9rales Les personnes concern\u00e9es sont inform\u00e9es (ex Art.4, c.1 du GDPR) des profils g\u00e9n\u00e9raux suivants, valables pour tous les domaines de traitement: toutes les donn\u00e9es sont trait\u00e9es de mani\u00e8re licite, correcte et transparente par rapport \u00e0 la personne concern\u00e9e, dans le...","protected":false},"author":1,"featured_media":5285,"parent":0,"menu_order":0,"comment_status":"closed","ping_status":"closed","template":"","meta":{"footnotes":""},"class_list":["post-5675","page","type-page","status-publish","has-post-thumbnail","hentry"],"yoast_head":"<!-- This site is optimized with the Yoast SEO plugin v26.6 - https:\/\/yoast.com\/wordpress\/plugins\/seo\/ -->\n<title>Politique de confidentialit\u00e9 - Edilfibro S.p.a.<\/title>\n<meta name=\"robots\" content=\"index, follow, max-snippet:-1, max-image-preview:large, max-video-preview:-1\" \/>\n<link rel=\"canonical\" href=\"https:\/\/www.edilfibro.it\/fr\/privacy-policy\/\" \/>\n<meta property=\"og:locale\" content=\"fr_FR\" \/>\n<meta property=\"og:type\" content=\"article\" \/>\n<meta property=\"og:title\" content=\"Politique de confidentialit\u00e9 - Edilfibro S.p.a.\" \/>\n<meta property=\"og:url\" content=\"https:\/\/www.edilfibro.it\/fr\/privacy-policy\/\" \/>\n<meta property=\"og:site_name\" content=\"Edilfibro S.p.a.\" \/>\n<meta property=\"article:publisher\" content=\"https:\/\/www.facebook.com\/edilfibro\" \/>\n<meta property=\"article:modified_time\" content=\"2024-11-07T13:23:22+00:00\" \/>\n<meta property=\"og:image\" content=\"https:\/\/www.edilfibro.it\/wp-content\/uploads\/2024\/03\/aerea_stabilimento_1920x650.jpg\" \/>\n\t<meta property=\"og:image:width\" content=\"1896\" \/>\n\t<meta property=\"og:image:height\" content=\"650\" \/>\n\t<meta property=\"og:image:type\" content=\"image\/jpeg\" \/>\n<meta name=\"twitter:card\" content=\"summary_large_image\" \/>\n<meta name=\"twitter:label1\" content=\"Dur\u00e9e de lecture estim\u00e9e\" \/>\n\t<meta name=\"twitter:data1\" content=\"9 minutes\" \/>\n<script type=\"application\/ld+json\" class=\"yoast-schema-graph\">{\"@context\":\"https:\/\/schema.org\",\"@graph\":[{\"@type\":\"WebPage\",\"@id\":\"https:\/\/www.edilfibro.it\/fr\/privacy-policy\/\",\"url\":\"https:\/\/www.edilfibro.it\/fr\/privacy-policy\/\",\"name\":\"Politique de confidentialit\u00e9 - Edilfibro S.p.a.\",\"isPartOf\":{\"@id\":\"https:\/\/www.edilfibro.it\/fr\/#website\"},\"primaryImageOfPage\":{\"@id\":\"https:\/\/www.edilfibro.it\/fr\/privacy-policy\/#primaryimage\"},\"image\":{\"@id\":\"https:\/\/www.edilfibro.it\/fr\/privacy-policy\/#primaryimage\"},\"thumbnailUrl\":\"https:\/\/www.edilfibro.it\/wp-content\/uploads\/2024\/03\/aerea_stabilimento_1920x650.jpg\",\"datePublished\":\"2020-10-07T13:50:22+00:00\",\"dateModified\":\"2024-11-07T13:23:22+00:00\",\"breadcrumb\":{\"@id\":\"https:\/\/www.edilfibro.it\/fr\/privacy-policy\/#breadcrumb\"},\"inLanguage\":\"fr-FR\",\"potentialAction\":[{\"@type\":\"ReadAction\",\"target\":[\"https:\/\/www.edilfibro.it\/fr\/privacy-policy\/\"]}]},{\"@type\":\"ImageObject\",\"inLanguage\":\"fr-FR\",\"@id\":\"https:\/\/www.edilfibro.it\/fr\/privacy-policy\/#primaryimage\",\"url\":\"https:\/\/www.edilfibro.it\/wp-content\/uploads\/2024\/03\/aerea_stabilimento_1920x650.jpg\",\"contentUrl\":\"https:\/\/www.edilfibro.it\/wp-content\/uploads\/2024\/03\/aerea_stabilimento_1920x650.jpg\",\"width\":1896,\"height\":650},{\"@type\":\"BreadcrumbList\",\"@id\":\"https:\/\/www.edilfibro.it\/fr\/privacy-policy\/#breadcrumb\",\"itemListElement\":[{\"@type\":\"ListItem\",\"position\":1,\"name\":\"Home\",\"item\":\"https:\/\/www.edilfibro.it\/fr\/\"},{\"@type\":\"ListItem\",\"position\":2,\"name\":\"Politique de confidentialit\u00e9\"}]},{\"@type\":\"WebSite\",\"@id\":\"https:\/\/www.edilfibro.it\/fr\/#website\",\"url\":\"https:\/\/www.edilfibro.it\/fr\/\",\"name\":\"Edilfibro S.p.a.\",\"description\":\"Coperture per tetti, lastre fibrocemento e metallo\",\"publisher\":{\"@id\":\"https:\/\/www.edilfibro.it\/fr\/#organization\"},\"potentialAction\":[{\"@type\":\"SearchAction\",\"target\":{\"@type\":\"EntryPoint\",\"urlTemplate\":\"https:\/\/www.edilfibro.it\/fr\/?s={search_term_string}\"},\"query-input\":{\"@type\":\"PropertyValueSpecification\",\"valueRequired\":true,\"valueName\":\"search_term_string\"}}],\"inLanguage\":\"fr-FR\"},{\"@type\":\"Organization\",\"@id\":\"https:\/\/www.edilfibro.it\/fr\/#organization\",\"name\":\"Edilfibro S.p.a.\",\"url\":\"https:\/\/www.edilfibro.it\/fr\/\",\"logo\":{\"@type\":\"ImageObject\",\"inLanguage\":\"fr-FR\",\"@id\":\"https:\/\/www.edilfibro.it\/fr\/#\/schema\/logo\/image\/\",\"url\":\"https:\/\/www.edilfibro.it\/wp-content\/uploads\/2024\/09\/Logo-Edilfibro-2024-verde.webp\",\"contentUrl\":\"https:\/\/www.edilfibro.it\/wp-content\/uploads\/2024\/09\/Logo-Edilfibro-2024-verde.webp\",\"width\":270,\"height\":105,\"caption\":\"Edilfibro S.p.a.\"},\"image\":{\"@id\":\"https:\/\/www.edilfibro.it\/fr\/#\/schema\/logo\/image\/\"},\"sameAs\":[\"https:\/\/www.facebook.com\/edilfibro\",\"https:\/\/www.linkedin.com\/company\/edilfibrospa\/\",\"https:\/\/www.youtube.com\/channel\/UCfz1PuhFpXa0MFkRDzC_Cgw\"]}]}<\/script>\n<!-- \/ Yoast SEO plugin. -->","yoast_head_json":{"title":"Politique de confidentialit\u00e9 - Edilfibro S.p.a.","robots":{"index":"index","follow":"follow","max-snippet":"max-snippet:-1","max-image-preview":"max-image-preview:large","max-video-preview":"max-video-preview:-1"},"canonical":"https:\/\/www.edilfibro.it\/fr\/privacy-policy\/","og_locale":"fr_FR","og_type":"article","og_title":"Politique de confidentialit\u00e9 - Edilfibro S.p.a.","og_url":"https:\/\/www.edilfibro.it\/fr\/privacy-policy\/","og_site_name":"Edilfibro S.p.a.","article_publisher":"https:\/\/www.facebook.com\/edilfibro","article_modified_time":"2024-11-07T13:23:22+00:00","og_image":[{"width":1896,"height":650,"url":"https:\/\/www.edilfibro.it\/wp-content\/uploads\/2024\/03\/aerea_stabilimento_1920x650.jpg","type":"image\/jpeg"}],"twitter_card":"summary_large_image","twitter_misc":{"Dur\u00e9e de lecture estim\u00e9e":"9 minutes"},"schema":{"@context":"https:\/\/schema.org","@graph":[{"@type":"WebPage","@id":"https:\/\/www.edilfibro.it\/fr\/privacy-policy\/","url":"https:\/\/www.edilfibro.it\/fr\/privacy-policy\/","name":"Politique de confidentialit\u00e9 - Edilfibro S.p.a.","isPartOf":{"@id":"https:\/\/www.edilfibro.it\/fr\/#website"},"primaryImageOfPage":{"@id":"https:\/\/www.edilfibro.it\/fr\/privacy-policy\/#primaryimage"},"image":{"@id":"https:\/\/www.edilfibro.it\/fr\/privacy-policy\/#primaryimage"},"thumbnailUrl":"https:\/\/www.edilfibro.it\/wp-content\/uploads\/2024\/03\/aerea_stabilimento_1920x650.jpg","datePublished":"2020-10-07T13:50:22+00:00","dateModified":"2024-11-07T13:23:22+00:00","breadcrumb":{"@id":"https:\/\/www.edilfibro.it\/fr\/privacy-policy\/#breadcrumb"},"inLanguage":"fr-FR","potentialAction":[{"@type":"ReadAction","target":["https:\/\/www.edilfibro.it\/fr\/privacy-policy\/"]}]},{"@type":"ImageObject","inLanguage":"fr-FR","@id":"https:\/\/www.edilfibro.it\/fr\/privacy-policy\/#primaryimage","url":"https:\/\/www.edilfibro.it\/wp-content\/uploads\/2024\/03\/aerea_stabilimento_1920x650.jpg","contentUrl":"https:\/\/www.edilfibro.it\/wp-content\/uploads\/2024\/03\/aerea_stabilimento_1920x650.jpg","width":1896,"height":650},{"@type":"BreadcrumbList","@id":"https:\/\/www.edilfibro.it\/fr\/privacy-policy\/#breadcrumb","itemListElement":[{"@type":"ListItem","position":1,"name":"Home","item":"https:\/\/www.edilfibro.it\/fr\/"},{"@type":"ListItem","position":2,"name":"Politique de confidentialit\u00e9"}]},{"@type":"WebSite","@id":"https:\/\/www.edilfibro.it\/fr\/#website","url":"https:\/\/www.edilfibro.it\/fr\/","name":"Edilfibro S.p.a.","description":"Coperture per tetti, lastre fibrocemento e metallo","publisher":{"@id":"https:\/\/www.edilfibro.it\/fr\/#organization"},"potentialAction":[{"@type":"SearchAction","target":{"@type":"EntryPoint","urlTemplate":"https:\/\/www.edilfibro.it\/fr\/?s={search_term_string}"},"query-input":{"@type":"PropertyValueSpecification","valueRequired":true,"valueName":"search_term_string"}}],"inLanguage":"fr-FR"},{"@type":"Organization","@id":"https:\/\/www.edilfibro.it\/fr\/#organization","name":"Edilfibro S.p.a.","url":"https:\/\/www.edilfibro.it\/fr\/","logo":{"@type":"ImageObject","inLanguage":"fr-FR","@id":"https:\/\/www.edilfibro.it\/fr\/#\/schema\/logo\/image\/","url":"https:\/\/www.edilfibro.it\/wp-content\/uploads\/2024\/09\/Logo-Edilfibro-2024-verde.webp","contentUrl":"https:\/\/www.edilfibro.it\/wp-content\/uploads\/2024\/09\/Logo-Edilfibro-2024-verde.webp","width":270,"height":105,"caption":"Edilfibro S.p.a."},"image":{"@id":"https:\/\/www.edilfibro.it\/fr\/#\/schema\/logo\/image\/"},"sameAs":["https:\/\/www.facebook.com\/edilfibro","https:\/\/www.linkedin.com\/company\/edilfibrospa\/","https:\/\/www.youtube.com\/channel\/UCfz1PuhFpXa0MFkRDzC_Cgw"]}]}},"_links":{"self":[{"href":"https:\/\/www.edilfibro.it\/fr\/wp-json\/wp\/v2\/pages\/5675","targetHints":{"allow":["GET"]}}],"collection":[{"href":"https:\/\/www.edilfibro.it\/fr\/wp-json\/wp\/v2\/pages"}],"about":[{"href":"https:\/\/www.edilfibro.it\/fr\/wp-json\/wp\/v2\/types\/page"}],"author":[{"embeddable":true,"href":"https:\/\/www.edilfibro.it\/fr\/wp-json\/wp\/v2\/users\/1"}],"replies":[{"embeddable":true,"href":"https:\/\/www.edilfibro.it\/fr\/wp-json\/wp\/v2\/comments?post=5675"}],"version-history":[{"count":3,"href":"https:\/\/www.edilfibro.it\/fr\/wp-json\/wp\/v2\/pages\/5675\/revisions"}],"predecessor-version":[{"id":6529,"href":"https:\/\/www.edilfibro.it\/fr\/wp-json\/wp\/v2\/pages\/5675\/revisions\/6529"}],"wp:featuredmedia":[{"embeddable":true,"href":"https:\/\/www.edilfibro.it\/fr\/wp-json\/wp\/v2\/media\/5285"}],"wp:attachment":[{"href":"https:\/\/www.edilfibro.it\/fr\/wp-json\/wp\/v2\/media?parent=5675"}],"curies":[{"name":"wp","href":"https:\/\/api.w.org\/{rel}","templated":true}]}}