{"id":5506,"date":"2024-03-19T14:34:47","date_gmt":"2024-03-19T13:34:47","guid":{"rendered":"https:\/\/edilfibro2.noon.srl\/chi-siamo\/"},"modified":"2024-10-25T09:55:27","modified_gmt":"2024-10-25T07:55:27","slug":"qui-sommes-nous","status":"publish","type":"page","link":"https:\/\/www.edilfibro.it\/fr\/qui-sommes-nous\/","title":{"rendered":"Qui sommes-nous"},"content":{"rendered":"<section class=\"l-section wpb_row height_large\"><div class=\"l-section-overlay\" style=\"background:#f5f5f5\"><\/div><div class=\"l-section-h i-cf\"><div class=\"g-cols vc_row via_grid cols_1 laptops-cols_inherit tablets-cols_inherit mobiles-cols_1 valign_top type_default stacking_default\"><div class=\"wpb_column vc_column_container\"><div class=\"vc_column-inner\"><div class=\"wpb_text_column us_custom_eb849559\"><div class=\"wpb_wrapper\"><h2>Un savoir-faire en \u00e9volution depuis plus de <span class=\"evidenziatore\">60 ans<\/span><\/h2>\n<p>En 2023, Edilfibro a f\u00eat\u00e9 ses 60 ans: c&#8217;est en effet en 1963 que l&#8217;entreprise a d\u00e9but\u00e9 dans le monde de la toiture. Une longue histoire pleine de succ\u00e8s, de qualit\u00e9 et d&#8217;innovation continue.<br \/>\n<strong>La zone de production de l&#8217;entreprise s&#8217;\u00e9tend sur 100.000 m2<\/strong> et elle est \u00e9quip\u00e9e de syst\u00e8mes de pointe qui permettent d&#8217;\u00e9tendre les volumes de ventes au march\u00e9s fran\u00e7ais, europ\u00e9ens et non europ\u00e9ens.<\/p>\n<\/div><\/div><div class=\"w-separator size_small\"><\/div><\/div><\/div><\/div><\/div><\/section><section class=\"l-section wpb_row height_auto\"><div class=\"l-section-h i-cf\"><div class=\"g-cols vc_row via_grid cols_2 laptops-cols_inherit tablets-cols_inherit mobiles-cols_1 valign_middle type_default reversed stacking_default\" style=\"--columns-gap:0vw;\"><div class=\"wpb_column vc_column_container us_custom_de366d1c padding-destra us_animate_this\"><div class=\"vc_column-inner\"><div class=\"w-separator size_medium\"><\/div><div class=\"wpb_text_column us_custom_432d3f53\"><div class=\"wpb_wrapper\"><h2 style=\"text-align: left;\">Notre <span class=\"evidenziatore\">philosophie<\/span><\/h2>\n<p>La Recherche et le D\u00e9veloppement sont les pierres angulaires de la philosophie d&#8217;Edilfibro. Ce sont les \u00e9l\u00e9ments indispensables pour offrir au march\u00e9 des produits d\u2019avant-garde.<\/p>\n<p>L&#8217;entreprise est engag\u00e9e avec l\u2019attention de chaque instant \u00e0 surveiller et am\u00e9liorer continuellement les proc\u00e9dures et les syst\u00e8mes de contr\u00f4le existants qui concernent tant les mati\u00e8res premi\u00e8res que les produits finis, dans le cadre d\u2019une ma\u00eetrise du processus de production. Edilfibro est \u00e9galement \u00e9quip\u00e9 d&#8217;instruments sophistiqu\u00e9s qui nous permettent d&#8217;analyser toutes les caract\u00e9ristiques de chaque composant du mat\u00e9riau en fibres-ciment.<\/p>\n<p>Chaque \u00e9tape de la production est surveill\u00e9e en permanence: depuis la formation du produit \u00abfrais\u00bb jusqu&#8217;au d\u00e9moulage du produit detin\u00e9 \u00e0 la phase de durcissement. Notre plan qualit\u00e9 est structur\u00e9 pour garantir la conformit\u00e9 des produits requise par les normes NF EN 494 et NF EN 15057 notamment.<\/p>\n<\/div><\/div><div class=\"w-separator size_medium\"><\/div><\/div><\/div><div class=\"wpb_column vc_column_container us_custom_21d976c2 us_animate_this has_bg_color stretched\"><div class=\"vc_column-inner\"><div class=\"w-separator size_custom\" style=\"height:30vmax\"><\/div><\/div><\/div><\/div><\/div><\/section><section class=\"l-section wpb_row height_auto\"><div class=\"l-section-h i-cf\"><div class=\"g-cols vc_row via_grid cols_2 laptops-cols_inherit tablets-cols_inherit mobiles-cols_1 valign_middle type_default stacking_default\" style=\"--columns-gap:0vw;\"><div class=\"wpb_column vc_column_container us_custom_0778e7c6 us_animate_this has_bg_color stretched\"><div class=\"vc_column-inner\"><div class=\"w-separator size_custom\" style=\"height:30vmax\"><\/div><\/div><\/div><div class=\"wpb_column vc_column_container us_custom_de366d1c padding-sinistra us_animate_this\"><div class=\"vc_column-inner\"><div class=\"w-separator size_medium\"><\/div><div class=\"wpb_text_column us_custom_432d3f53\"><div class=\"wpb_wrapper\"><h2 style=\"text-align: left;\">Qualit\u00e9 et <span class=\"evidenziatore\">S\u00e9curit\u00e9<\/span><\/h2>\n<p>Toutes les plaques ondul\u00e9es produites par Edilfibro repr\u00e9sentent un grand progr\u00e8s dans le domaine de la pr\u00e9vention des accidents, car si elles sont pos\u00e9es conform\u00e9ment \u00e0 la norme de pose UNI EN 10636, en cas de rupture accidentelle, le corps qui l&#8217;a provoqu\u00e9e est retenu par des bandes sp\u00e9ciales ins\u00e9r\u00e9es dans la matrice de ciment des plaques.<\/p>\n<\/div><\/div><div class=\"w-separator size_medium\"><\/div><\/div><\/div><\/div><\/div><\/section><section class=\"l-section wpb_row height_auto\"><div class=\"l-section-h i-cf\"><div class=\"g-cols vc_row via_grid cols_2 laptops-cols_inherit tablets-cols_inherit mobiles-cols_1 valign_middle type_default reversed stacking_default\" style=\"--columns-gap:0vw;\"><div class=\"wpb_column vc_column_container us_custom_de366d1c padding-destra us_animate_this\"><div class=\"vc_column-inner\"><div class=\"w-separator size_medium\"><\/div><div class=\"wpb_text_column us_custom_432d3f53\"><div class=\"wpb_wrapper\"><h2 style=\"text-align: left;\">Qualit\u00e9 <span class=\"evidenziatore\">assur\u00e9e<\/span><\/h2>\n<p>La qualit\u00e9 de nos produits est certifi\u00e9e et est si importante pour nous, \u00e0 Edilfibro, que nous l&#8217;avons \u00e9galement garantie.<\/p>\n<p>Tous les mat\u00e9riaux de couverture r\u00e9alis\u00e9s avec des plaques en fibres-ciment Edilfibro sont garantis par une assurance de responsabilit\u00e9 civile produits Groupama comprenant remplacement de mat\u00e9riaux.<\/p>\n<\/div><\/div><div class=\"w-separator size_medium\"><\/div><\/div><\/div><div class=\"wpb_column vc_column_container us_custom_88fb724e us_animate_this has_bg_color stretched\"><div class=\"vc_column-inner\"><div class=\"w-separator size_custom\" style=\"height:30vmax\"><\/div><\/div><\/div><\/div><\/div><\/section><section class=\"l-section wpb_row height_auto\"><div class=\"l-section-h i-cf\"><div class=\"g-cols vc_row via_grid cols_2 laptops-cols_inherit tablets-cols_inherit mobiles-cols_1 valign_middle type_default stacking_default\" style=\"--columns-gap:0vw;\"><div class=\"wpb_column vc_column_container us_custom_fdc7bfa9 us_animate_this has_bg_color stretched\"><div class=\"vc_column-inner\"><div class=\"w-separator size_custom\" style=\"height:30vmax\"><\/div><\/div><\/div><div class=\"wpb_column vc_column_container us_custom_de366d1c padding-sinistra us_animate_this\"><div class=\"vc_column-inner\"><div class=\"w-separator size_medium\"><\/div><div class=\"wpb_text_column us_custom_432d3f53\"><div class=\"wpb_wrapper\"><h2>Qualit\u00e9 <span class=\"evidenziatore\">certifi\u00e9e<\/span><\/h2>\n<p>Dans notre laboratoire les tests prescrits par les normes en vigueur sont effectu\u00e9s conform\u00e9ment aux crit\u00e8res planifi\u00e9s , ainsi que les audits des Laboratoires de Qualit\u00e9 , charg\u00e9s de contr\u00f4ler les activit\u00e9s prescrites pour l&#8217;obtention et le maintien des Certificats de Qualit\u00e9.<\/p>\n<p>De plus, toutes les activit\u00e9s d&#8217;Edilfibro sont r\u00e9glement\u00e9es par des proc\u00e9dures dans le cadre de la norme UNI EN ISO 9001 et contr\u00f4l\u00e9es par l&#8217;Institut ICMQ.<\/p>\n<\/div><\/div><div class=\"w-separator size_small\"><\/div><div class=\"w-btn-wrapper align_none\"><a class=\"w-btn us-btn-style_1\" href=\"\/fr\/certifications\/\"><span class=\"w-btn-label\">En savoir plus<\/span><\/a><\/div><div class=\"w-separator size_medium\"><\/div><\/div><\/div><\/div><\/div><\/section>\n","protected":false},"excerpt":{"rendered":"Un savoir-faire en \u00e9volution depuis plus de 60 ans En 2023, Edilfibro a f\u00eat\u00e9 ses 60 ans: c&#8217;est en effet en 1963 que l&#8217;entreprise a d\u00e9but\u00e9 dans le monde de la toiture. Une longue histoire pleine de succ\u00e8s, de qualit\u00e9 et d&#8217;innovation continue. La zone de production de l&#8217;entreprise s&#8217;\u00e9tend sur 100.000 m2 et elle...","protected":false},"author":1,"featured_media":5285,"parent":0,"menu_order":0,"comment_status":"closed","ping_status":"closed","template":"","meta":{"footnotes":""},"class_list":["post-5506","page","type-page","status-publish","has-post-thumbnail","hentry"],"yoast_head":"<!-- This site is optimized with the Yoast SEO plugin v26.6 - https:\/\/yoast.com\/wordpress\/plugins\/seo\/ -->\n<title>Qui sommes-nous - Edilfibro S.p.a.<\/title>\n<meta name=\"robots\" content=\"index, follow, max-snippet:-1, max-image-preview:large, max-video-preview:-1\" \/>\n<link rel=\"canonical\" href=\"https:\/\/www.edilfibro.it\/fr\/qui-sommes-nous\/\" \/>\n<meta property=\"og:locale\" content=\"fr_FR\" \/>\n<meta property=\"og:type\" content=\"article\" \/>\n<meta property=\"og:title\" content=\"Qui sommes-nous - Edilfibro S.p.a.\" \/>\n<meta property=\"og:url\" content=\"https:\/\/www.edilfibro.it\/fr\/qui-sommes-nous\/\" \/>\n<meta property=\"og:site_name\" content=\"Edilfibro S.p.a.\" \/>\n<meta property=\"article:publisher\" content=\"https:\/\/www.facebook.com\/edilfibro\" \/>\n<meta property=\"article:modified_time\" content=\"2024-10-25T07:55:27+00:00\" \/>\n<meta property=\"og:image\" content=\"https:\/\/www.edilfibro.it\/wp-content\/uploads\/2024\/03\/aerea_stabilimento_1920x650.jpg\" \/>\n\t<meta property=\"og:image:width\" content=\"1896\" \/>\n\t<meta property=\"og:image:height\" content=\"650\" \/>\n\t<meta property=\"og:image:type\" content=\"image\/jpeg\" \/>\n<meta name=\"twitter:card\" content=\"summary_large_image\" \/>\n<meta name=\"twitter:label1\" content=\"Dur\u00e9e de lecture estim\u00e9e\" \/>\n\t<meta name=\"twitter:data1\" content=\"5 minutes\" \/>\n<script type=\"application\/ld+json\" class=\"yoast-schema-graph\">{\"@context\":\"https:\/\/schema.org\",\"@graph\":[{\"@type\":\"WebPage\",\"@id\":\"https:\/\/www.edilfibro.it\/fr\/qui-sommes-nous\/\",\"url\":\"https:\/\/www.edilfibro.it\/fr\/qui-sommes-nous\/\",\"name\":\"Qui sommes-nous - Edilfibro S.p.a.\",\"isPartOf\":{\"@id\":\"https:\/\/www.edilfibro.it\/fr\/#website\"},\"primaryImageOfPage\":{\"@id\":\"https:\/\/www.edilfibro.it\/fr\/qui-sommes-nous\/#primaryimage\"},\"image\":{\"@id\":\"https:\/\/www.edilfibro.it\/fr\/qui-sommes-nous\/#primaryimage\"},\"thumbnailUrl\":\"https:\/\/www.edilfibro.it\/wp-content\/uploads\/2024\/03\/aerea_stabilimento_1920x650.jpg\",\"datePublished\":\"2024-03-19T13:34:47+00:00\",\"dateModified\":\"2024-10-25T07:55:27+00:00\",\"breadcrumb\":{\"@id\":\"https:\/\/www.edilfibro.it\/fr\/qui-sommes-nous\/#breadcrumb\"},\"inLanguage\":\"fr-FR\",\"potentialAction\":[{\"@type\":\"ReadAction\",\"target\":[\"https:\/\/www.edilfibro.it\/fr\/qui-sommes-nous\/\"]}]},{\"@type\":\"ImageObject\",\"inLanguage\":\"fr-FR\",\"@id\":\"https:\/\/www.edilfibro.it\/fr\/qui-sommes-nous\/#primaryimage\",\"url\":\"https:\/\/www.edilfibro.it\/wp-content\/uploads\/2024\/03\/aerea_stabilimento_1920x650.jpg\",\"contentUrl\":\"https:\/\/www.edilfibro.it\/wp-content\/uploads\/2024\/03\/aerea_stabilimento_1920x650.jpg\",\"width\":1896,\"height\":650},{\"@type\":\"BreadcrumbList\",\"@id\":\"https:\/\/www.edilfibro.it\/fr\/qui-sommes-nous\/#breadcrumb\",\"itemListElement\":[{\"@type\":\"ListItem\",\"position\":1,\"name\":\"Home\",\"item\":\"https:\/\/www.edilfibro.it\/fr\/\"},{\"@type\":\"ListItem\",\"position\":2,\"name\":\"Qui sommes-nous\"}]},{\"@type\":\"WebSite\",\"@id\":\"https:\/\/www.edilfibro.it\/fr\/#website\",\"url\":\"https:\/\/www.edilfibro.it\/fr\/\",\"name\":\"Edilfibro S.p.a.\",\"description\":\"Coperture per tetti, lastre fibrocemento e metallo\",\"publisher\":{\"@id\":\"https:\/\/www.edilfibro.it\/fr\/#organization\"},\"potentialAction\":[{\"@type\":\"SearchAction\",\"target\":{\"@type\":\"EntryPoint\",\"urlTemplate\":\"https:\/\/www.edilfibro.it\/fr\/?s={search_term_string}\"},\"query-input\":{\"@type\":\"PropertyValueSpecification\",\"valueRequired\":true,\"valueName\":\"search_term_string\"}}],\"inLanguage\":\"fr-FR\"},{\"@type\":\"Organization\",\"@id\":\"https:\/\/www.edilfibro.it\/fr\/#organization\",\"name\":\"Edilfibro S.p.a.\",\"url\":\"https:\/\/www.edilfibro.it\/fr\/\",\"logo\":{\"@type\":\"ImageObject\",\"inLanguage\":\"fr-FR\",\"@id\":\"https:\/\/www.edilfibro.it\/fr\/#\/schema\/logo\/image\/\",\"url\":\"https:\/\/www.edilfibro.it\/wp-content\/uploads\/2024\/09\/Logo-Edilfibro-2024-verde.webp\",\"contentUrl\":\"https:\/\/www.edilfibro.it\/wp-content\/uploads\/2024\/09\/Logo-Edilfibro-2024-verde.webp\",\"width\":270,\"height\":105,\"caption\":\"Edilfibro S.p.a.\"},\"image\":{\"@id\":\"https:\/\/www.edilfibro.it\/fr\/#\/schema\/logo\/image\/\"},\"sameAs\":[\"https:\/\/www.facebook.com\/edilfibro\",\"https:\/\/www.linkedin.com\/company\/edilfibrospa\/\",\"https:\/\/www.youtube.com\/channel\/UCfz1PuhFpXa0MFkRDzC_Cgw\"]}]}<\/script>\n<!-- \/ Yoast SEO plugin. -->","yoast_head_json":{"title":"Qui sommes-nous - Edilfibro S.p.a.","robots":{"index":"index","follow":"follow","max-snippet":"max-snippet:-1","max-image-preview":"max-image-preview:large","max-video-preview":"max-video-preview:-1"},"canonical":"https:\/\/www.edilfibro.it\/fr\/qui-sommes-nous\/","og_locale":"fr_FR","og_type":"article","og_title":"Qui sommes-nous - Edilfibro S.p.a.","og_url":"https:\/\/www.edilfibro.it\/fr\/qui-sommes-nous\/","og_site_name":"Edilfibro S.p.a.","article_publisher":"https:\/\/www.facebook.com\/edilfibro","article_modified_time":"2024-10-25T07:55:27+00:00","og_image":[{"width":1896,"height":650,"url":"https:\/\/www.edilfibro.it\/wp-content\/uploads\/2024\/03\/aerea_stabilimento_1920x650.jpg","type":"image\/jpeg"}],"twitter_card":"summary_large_image","twitter_misc":{"Dur\u00e9e de lecture estim\u00e9e":"5 minutes"},"schema":{"@context":"https:\/\/schema.org","@graph":[{"@type":"WebPage","@id":"https:\/\/www.edilfibro.it\/fr\/qui-sommes-nous\/","url":"https:\/\/www.edilfibro.it\/fr\/qui-sommes-nous\/","name":"Qui sommes-nous - Edilfibro S.p.a.","isPartOf":{"@id":"https:\/\/www.edilfibro.it\/fr\/#website"},"primaryImageOfPage":{"@id":"https:\/\/www.edilfibro.it\/fr\/qui-sommes-nous\/#primaryimage"},"image":{"@id":"https:\/\/www.edilfibro.it\/fr\/qui-sommes-nous\/#primaryimage"},"thumbnailUrl":"https:\/\/www.edilfibro.it\/wp-content\/uploads\/2024\/03\/aerea_stabilimento_1920x650.jpg","datePublished":"2024-03-19T13:34:47+00:00","dateModified":"2024-10-25T07:55:27+00:00","breadcrumb":{"@id":"https:\/\/www.edilfibro.it\/fr\/qui-sommes-nous\/#breadcrumb"},"inLanguage":"fr-FR","potentialAction":[{"@type":"ReadAction","target":["https:\/\/www.edilfibro.it\/fr\/qui-sommes-nous\/"]}]},{"@type":"ImageObject","inLanguage":"fr-FR","@id":"https:\/\/www.edilfibro.it\/fr\/qui-sommes-nous\/#primaryimage","url":"https:\/\/www.edilfibro.it\/wp-content\/uploads\/2024\/03\/aerea_stabilimento_1920x650.jpg","contentUrl":"https:\/\/www.edilfibro.it\/wp-content\/uploads\/2024\/03\/aerea_stabilimento_1920x650.jpg","width":1896,"height":650},{"@type":"BreadcrumbList","@id":"https:\/\/www.edilfibro.it\/fr\/qui-sommes-nous\/#breadcrumb","itemListElement":[{"@type":"ListItem","position":1,"name":"Home","item":"https:\/\/www.edilfibro.it\/fr\/"},{"@type":"ListItem","position":2,"name":"Qui sommes-nous"}]},{"@type":"WebSite","@id":"https:\/\/www.edilfibro.it\/fr\/#website","url":"https:\/\/www.edilfibro.it\/fr\/","name":"Edilfibro S.p.a.","description":"Coperture per tetti, lastre fibrocemento e metallo","publisher":{"@id":"https:\/\/www.edilfibro.it\/fr\/#organization"},"potentialAction":[{"@type":"SearchAction","target":{"@type":"EntryPoint","urlTemplate":"https:\/\/www.edilfibro.it\/fr\/?s={search_term_string}"},"query-input":{"@type":"PropertyValueSpecification","valueRequired":true,"valueName":"search_term_string"}}],"inLanguage":"fr-FR"},{"@type":"Organization","@id":"https:\/\/www.edilfibro.it\/fr\/#organization","name":"Edilfibro S.p.a.","url":"https:\/\/www.edilfibro.it\/fr\/","logo":{"@type":"ImageObject","inLanguage":"fr-FR","@id":"https:\/\/www.edilfibro.it\/fr\/#\/schema\/logo\/image\/","url":"https:\/\/www.edilfibro.it\/wp-content\/uploads\/2024\/09\/Logo-Edilfibro-2024-verde.webp","contentUrl":"https:\/\/www.edilfibro.it\/wp-content\/uploads\/2024\/09\/Logo-Edilfibro-2024-verde.webp","width":270,"height":105,"caption":"Edilfibro S.p.a."},"image":{"@id":"https:\/\/www.edilfibro.it\/fr\/#\/schema\/logo\/image\/"},"sameAs":["https:\/\/www.facebook.com\/edilfibro","https:\/\/www.linkedin.com\/company\/edilfibrospa\/","https:\/\/www.youtube.com\/channel\/UCfz1PuhFpXa0MFkRDzC_Cgw"]}]}},"_links":{"self":[{"href":"https:\/\/www.edilfibro.it\/fr\/wp-json\/wp\/v2\/pages\/5506","targetHints":{"allow":["GET"]}}],"collection":[{"href":"https:\/\/www.edilfibro.it\/fr\/wp-json\/wp\/v2\/pages"}],"about":[{"href":"https:\/\/www.edilfibro.it\/fr\/wp-json\/wp\/v2\/types\/page"}],"author":[{"embeddable":true,"href":"https:\/\/www.edilfibro.it\/fr\/wp-json\/wp\/v2\/users\/1"}],"replies":[{"embeddable":true,"href":"https:\/\/www.edilfibro.it\/fr\/wp-json\/wp\/v2\/comments?post=5506"}],"version-history":[{"count":5,"href":"https:\/\/www.edilfibro.it\/fr\/wp-json\/wp\/v2\/pages\/5506\/revisions"}],"predecessor-version":[{"id":5736,"href":"https:\/\/www.edilfibro.it\/fr\/wp-json\/wp\/v2\/pages\/5506\/revisions\/5736"}],"wp:featuredmedia":[{"embeddable":true,"href":"https:\/\/www.edilfibro.it\/fr\/wp-json\/wp\/v2\/media\/5285"}],"wp:attachment":[{"href":"https:\/\/www.edilfibro.it\/fr\/wp-json\/wp\/v2\/media?parent=5506"}],"curies":[{"name":"wp","href":"https:\/\/api.w.org\/{rel}","templated":true}]}}