{"id":4524,"date":"2017-06-28T17:24:25","date_gmt":"2017-06-28T15:24:25","guid":{"rendered":"https:\/\/edilfibro2.noon.srl\/cookie-policy\/"},"modified":"2024-10-04T11:51:01","modified_gmt":"2024-10-04T09:51:01","slug":"cookie-policy","status":"publish","type":"page","link":"https:\/\/www.edilfibro.it\/es\/cookie-policy\/","title":{"rendered":"Cookie Policy"},"content":{"rendered":"<section class=\"l-section wpb_row correzione-full-width height_medium\"><div class=\"l-section-h i-cf\"><div class=\"g-cols vc_row via_grid cols_1 laptops-cols_inherit tablets-cols_inherit mobiles-cols_1 valign_top type_default stacking_default\"><div class=\"wpb_column vc_column_container\"><div class=\"vc_column-inner\"><div class=\"wpb_text_column\"><div class=\"wpb_wrapper\"><h1>Cookie policy<\/h1>\n<p>Pol\u00edtica de cookies<br \/>\n1.\u00bfQu\u00e9 son las cookies?<\/p>\n<p>Las cookies son peque\u00f1os archivos de texto que los sitios visitados por los usuarios env\u00edan a sus terminales, donde se almacenan antes de ser retransmitidos a los mismos sitios en la siguiente visita. Las cookies de las llamadas Los \u201cterceros\u201d son, sin embargo, los establecidos por un sitio web distinto del que visita el usuario. Esto se debe a que en cada sitio pueden existir elementos (im\u00e1genes, mapas, sonidos, enlaces espec\u00edficos a p\u00e1ginas web de otros dominios, etc.) que residen en servidores distintos al del sitio visitado.<\/p>\n<p>2. \u00bfPara qu\u00e9 se utilizan las cookies?<\/p>\n<p>Las cookies se utilizan con distintas finalidades: realizar la autenticaci\u00f3n inform\u00e1tica, monitorizar sesiones, almacenar informaci\u00f3n de configuraciones espec\u00edficas de los usuarios que acceden al servidor, almacenar preferencias, etc.<\/p>\n<p>3. \u00bfQu\u00e9 son las cookies \u201ct\u00e9cnicas\u201d?<\/p>\n<p>Son cookies que se utilizan para navegar o prestar un servicio solicitado por el usuario. No se utilizan para otros fines y normalmente los instala directamente el propietario del sitio web.<\/p>\n<p>Sin el uso de estas cookies, algunas operaciones no podr\u00edan realizarse o ser\u00edan m\u00e1s complejas y\/o menos seguras, como por ejemplo actividades de home banking (consulta del extracto de cuenta, transferencias bancarias, pago de facturas, etc.), como por ejemplo Las cookies, que permiten identificar al usuario y mantenerla dentro de la sesi\u00f3n, son esenciales.<\/p>\n<p>4. \u00bfLas cookies de an\u00e1lisis son cookies &#8220;t\u00e9cnicas&#8221;?<\/p>\n<p>No. El Garante (v\u00e9ase disposici\u00f3n del 8 de mayo de 2014) ha especificado que s\u00f3lo pueden asimilarse a cookies t\u00e9cnicas si son utilizadas con el fin de optimizar el sitio directamente por el propietario del sitio, que podr\u00e1 recopilar informaci\u00f3n agregada sobre el n\u00famero de usuarios y c\u00f3mo visitan el sitio. En estas condiciones, se aplican a las cookies anal\u00edticas las mismas reglas, en t\u00e9rminos de informaci\u00f3n y consentimiento, que para las cookies t\u00e9cnicas.<\/p>\n<p>5. \u00bfQu\u00e9 son las cookies de \u201cperfilado\u201d?<\/p>\n<p>Son cookies que se utilizan para realizar un seguimiento de la navegaci\u00f3n del usuario en Internet y elaborar perfiles sobre sus gustos, h\u00e1bitos, elecciones, etc. Mediante estas cookies se pueden transmitir mensajes publicitarios al terminal del usuario en funci\u00f3n de las preferencias ya expresadas por el usuario durante su navegaci\u00f3n en l\u00ednea.<\/p>\n<p>6. \u00bfEs necesario el consentimiento del usuario para la instalaci\u00f3n de cookies en su terminal?<\/p>\n<p>Depende de la finalidad para la que se utilicen las cookies y, por tanto, de si se trata de cookies &#8220;t\u00e9cnicas&#8221; o &#8220;de perfil&#8221;.<\/p>\n<p>No se requiere el consentimiento del usuario para la instalaci\u00f3n de cookies t\u00e9cnicas, aunque s\u00ed es necesario proporcionar informaci\u00f3n (art. 13 del C\u00f3digo de Privacidad). Las cookies de elaboraci\u00f3n de perfiles, en cambio, s\u00f3lo pueden instalarse en el terminal del usuario si \u00e9ste ha expresado su consentimiento tras haber sido informado de forma simplificada.<\/p>\n<p>&nbsp;<\/p>\n<p><strong>Los tipos de cookies que utilizamos<\/strong><\/p>\n<p><strong>Cookies necesarias<\/strong><\/p>\n<p>Las cookies necesarias son esenciales para las funciones b\u00e1sicas del sitio web y el sitio web no funcionar\u00e1 seg\u00fan lo previsto sin ellas.<\/p>\n<p>Estas cookies no almacenan datos de identificaci\u00f3n personal.<\/p>\n<table>\n<tbody>\n<tr>\n<td>Nombre del Cookie<\/td>\n<td>Caducidad<\/td>\n<td>Descripci\u00f3n<\/td>\n<\/tr>\n<tr>\n<td>cookieyes-consent<\/td>\n<td>1 a\u00f1o<\/td>\n<td>CookieYes configura esta cookie para recordar las preferencias de consentimiento de los usuarios para que sus preferencias se respeten en visitas posteriores a este sitio. No recopila ni almacena ninguna informaci\u00f3n personal de los visitantes del sitio.<\/td>\n<\/tr>\n<\/tbody>\n<\/table>\n<p>&nbsp;<\/p>\n<p><strong>Cookies funcionales<\/strong><\/p>\n<p>Las cookies funcionales ayudan a realizar determinadas funciones, como compartir contenido del sitio web en plataformas de redes sociales, recopilar comentarios y otras funciones de terceros.<\/p>\n<table>\n<tbody>\n<tr>\n<td>Nombre del Cookie<\/td>\n<td>Caducidad<\/td>\n<td>Descripci\u00f3n<\/td>\n<\/tr>\n<tr>\n<td>VISITOR_INFO1_LIVE<\/td>\n<td>5 meses 27 d\u00edas<\/td>\n<td>Una cookie configurada por YouTube para medir el ancho de banda que determina si el usuario inicia sesi\u00f3n en la interfaz del reproductor nueva o antigua.<\/td>\n<\/tr>\n<tr>\n<td>wp-wpml_current_language<\/td>\n<td>session<\/td>\n<td>El complemento multiling\u00fce de WordPress configura esta cookie para recordar el idioma\/configuraci\u00f3n de idioma actual.<\/td>\n<\/tr>\n<\/tbody>\n<\/table>\n<p style=\"font-weight: bold; margin: 0 0 5px 0;\">Cookies anal\u00edticas<\/p>\n<p>Las cookies anal\u00edticas se utilizan para comprender c\u00f3mo interact\u00faan los visitantes con el sitio web. Estas cookies ayudan a proporcionar informaci\u00f3n sobre m\u00e9tricas de n\u00famero de visitantes, tasa de rebote, fuente de tr\u00e1fico, etc.<br \/>\nLas cookies anal\u00edticas utilizadas en nuestro sitio son Matomo Analytics y YouTube.<\/p>\n<table>\n<tbody>\n<tr>\n<td>Nombre del Cookie<\/td>\n<td>Caducidad<\/td>\n<td>Descripci\u00f3n<\/td>\n<\/tr>\n<tr>\n<td>CONSENT<\/td>\n<td>2 a\u00f1os<\/td>\n<td>YouTube establece esta cookie a trav\u00e9s de v\u00eddeos de YouTube integrados y registra datos estad\u00edsticos an\u00f3nimos.<\/td>\n<\/tr>\n<tr>\n<td>_pk_id.*<\/td>\n<td>1 a\u00f1o y 27 d\u00edas<\/td>\n<td>Se utiliza para almacenar algunos detalles sobre el usuario, como la identificaci\u00f3n \u00fanica del visitante. Cookie de origen (almacenada en nuestros servidores de acuerdo con GDPR), instalada a trav\u00e9s del complemento Matomo.<\/td>\n<\/tr>\n<tr>\n<td>_pk_ses.*<\/td>\n<td>30 minutos<\/td>\n<td>Cookies de corta duraci\u00f3n utilizadas para almacenar temporalmente datos de su visita. Cookie de origen (almacenada en nuestros servidores de acuerdo con GDPR), instalada a trav\u00e9s del complemento Matomo.<\/td>\n<\/tr>\n<tr>\n<td>_ga_*<\/td>\n<td>1 a\u00f1o, 1 mes y 4 d\u00edas<\/td>\n<td>Google Analytics imposta questo cookie per memorizzare e contare le visualizzazioni di pagina.<\/td>\n<\/tr>\n<tr>\n<td>_ga1<\/td>\n<td>a\u00f1o 1 mes 4 d\u00edas<\/td>\n<td>Google Analytics utiliza esta cookie para calcular datos de visitantes, sesiones y campa\u00f1as y para realizar un seguimiento del uso del sitio para generar informes anal\u00edticos del sitio. La cookie almacena informaci\u00f3n de forma an\u00f3nima y asigna un n\u00famero generado aleatoriamente para reconocer visitantes \u00fanicos.<\/td>\n<\/tr>\n<\/tbody>\n<\/table>\n<p>&nbsp;<\/p>\n<p style=\"font-weight: bold; margin: 0 0 5px 0;\">Cookies publicitarias<\/p>\n<p>Las cookies publicitarias se utilizan para proporcionar a los visitantes anuncios personalizados basados \u200b\u200ben p\u00e1ginas visitadas anteriormente y para analizar la eficacia de la campa\u00f1a publicitaria.<\/p>\n<table>\n<tbody>\n<tr>\n<td>Nombre del Cookie<\/td>\n<td>Caducidad<\/td>\n<td>Descripci\u00f3n<\/td>\n<\/tr>\n<tr>\n<td>YSC<\/td>\n<td>session<\/td>\n<td>Youtube establece la cookie YSC y se utiliza para realizar un seguimiento de las vistas de v\u00eddeos incrustados en las p\u00e1ginas de Youtube.<\/td>\n<\/tr>\n<\/tbody>\n<\/table>\n<p><strong>Como bloquear las cookies<\/strong><\/p>\n<p>[matomo_opt_out]<\/p>\n<p>Puede evitar que Google detecte una cookie generada como resultado y relacionada con su uso de este sitio web (incluida su direcci\u00f3n IP) y procese estos datos descargando e instalando este complemento del navegador:<a href=\"https:\/\/tools.google.com\/dlpage\/gaoptout\" target=\"_blank\" rel=\"noopener\"> https:\/\/tools.google.com\/dlpage\/gaoptout<\/a><\/p>\n<h5 style=\"margin-top: 20px;\">A trav\u00e9s del navegador<\/h5>\n<p style=\"font-weight: bold; margin: 0 0 5px 0;\">Internet Explorer<\/p>\n<ul>\n<li>Haga clic en el \u00edcono de ajustes en la parte superior derecha del navegador.<\/li>\n<li>Seleccione el elemento &#8220;Opciones de Internet&#8221;, luego haga clic en la pesta\u00f1a &#8220;Privacidad&#8221; y luego en el bot\u00f3n &#8220;Avanzado&#8221;.<\/li>\n<li>Coloque la marca de verificaci\u00f3n junto al elemento &#8220;Reemplazar la gesti\u00f3n autom\u00e1tica de cookies&#8221; y seleccione &#8220;Bloquear&#8221; tanto bajo el t\u00edtulo &#8220;Cookies de sitios web&#8221; como bajo el t\u00edtulo&#8221;Cookies de terceros&#8221; para desactivar las cookies respectivas.<\/li>\n<li>Luego haga clic en &#8220;Aceptar&#8221;<\/li>\n<\/ul>\n<p>NB.\u00a0Para autorizar cookies s\u00f3lo de ciertos sitios, haga clic en el bot\u00f3n &#8220;Sitios&#8221;, escriba la URL del sitio deseado y haga clic en &#8220;Permitir&#8221;.<br \/>\nPara activar la funci\u00f3n &#8220;No rastrear&#8221;, haga clic en el \u00edcono de ajustes en la parte superior derecha, seleccione el elemento &#8220;Seguridad&#8221; &gt; &#8220;Activar solicitudes de No rastrear&#8221; en el men\u00fa que aparece y haga clic en el bot\u00f3n &#8220;Activar&#8221; en la ventana que aparece se abre.<\/p>\n<p>&nbsp;<\/p>\n<p style=\"font-weight: bold; margin: 0 0 5px 0;\">Google Chrome<\/p>\n<ul>\n<li>Haga clic en el icono de men\u00fa en la parte superior derecha de su navegador.<\/li>\n<li>Seleccione el elemento &#8220;Configuraci\u00f3n&#8221;, luego haga clic en el elemento &#8220;Mostrar configuraci\u00f3n avanzada&#8221; y luego en el bot\u00f3n &#8220;Configuraci\u00f3n de contenido&#8221;.<\/li>\n<li>Coloque la marca de verificaci\u00f3n junto al elemento &#8220;Evitar que los sitios configuren datos&#8221; y\/o junto al elemento &#8220;Bloquear cookies de terceros y datos de sitios&#8221;.<\/li>\n<li>Luego haga clic en &#8220;Finalizar&#8221;<\/li>\n<\/ul>\n<p>N.B. Para autorizar cookies s\u00f3lo de ciertos sitios, haga clic en el bot\u00f3n &#8220;Administrar excepciones&#8221;, escriba la URL del sitio deseado, haga clic en &#8220;Permitir&#8221; y luego en &#8220;Finalizar&#8221;.<br \/>\nPara activar la funci\u00f3n &#8220;No rastrear&#8221;, regrese al men\u00fa &#8220;Configuraci\u00f3n&#8221; &gt; &#8220;Mostrar configuraci\u00f3n avanzada&#8221; en Chrome y marque la opci\u00f3n &#8220;Enviar una solicitud de \u201cNo rastrear\u201d con su tr\u00e1fico de navegaci\u00f3n&#8221;.<\/p>\n<p>&nbsp;<\/p>\n<p style=\"font-weight: bold; margin: 0 0 5px 0;\">Firefox<\/p>\n<ul>\n<li>Haga clic en el icono de men\u00fa en la parte superior derecha del navegador.<\/li>\n<li>Seleccione el elemento &#8220;Opciones&#8221;, luego haga clic en la pesta\u00f1a &#8220;Privacidad&#8221;<\/li>\n<li>En el men\u00fa desplegable &#8220;Configuraci\u00f3n del historial&#8221;, seleccione &#8220;Usar configuraci\u00f3n personalizada&#8221; y anule la selecci\u00f3n de la opci\u00f3n &#8220;Aceptar cookies de sitios&#8221;. Si desea bloquear las cookies s\u00f3lo para sitios de terceros, configure el men\u00fa desplegable &#8220;Aceptar cookies de terceros&#8221; en &#8220;Nunca&#8221;.<\/li>\n<\/ul>\n<p>N.B. Para activar la funci\u00f3n &#8220;No rastrear&#8221;, regrese al men\u00fa &#8220;Opciones&#8221; &gt; &#8220;Privacidad&#8221; en Firefox y marque la opci\u00f3n &#8220;Solicitar que los sitios no rastreen&#8221;.<\/p>\n<p>&nbsp;<\/p>\n<p style=\"font-weight: bold; margin: 0 0 5px 0;\">Safari<\/p>\n<ul>\n<li>Seleccione &#8220;Preferencias&#8221; en el men\u00fa Safari en la parte superior izquierda de su navegador.<\/li>\n<li>Seleccione el elemento &#8220;Privacidad&#8221; y luego haga clic en la casilla de verificaci\u00f3n &#8220;Bloquear siempre&#8221;.<\/li>\n<li>Alternativamente, si desea permitir cookies en un solo sitio web: visite este \u00faltimo, vuelva a la configuraci\u00f3n de privacidad de su navegador y seleccione la marca junto a &#8220;Permitir solo desde el sitio web actual&#8221;.<\/li>\n<\/ul>\n<p>N.B. Para activar la funci\u00f3n &#8220;No rastrear&#8221;, regrese al &#8220;Men\u00fa Safari&#8221; &gt; &#8220;Preferencias&#8221; &gt; &#8220;Privacidad&#8221; y marque la casilla &#8220;Solicitar a los sitios web que no me rastreen&#8221;.<\/p>\n<p>&nbsp;<\/p>\n<p style=\"font-weight: bold; margin: 0 0 5px 0;\">Bloquear cookies en dispositivos m\u00f3viles Android<\/p>\n<ul>\n<li>Chrome\n<ul>\n<li>Haga clic en el bot\u00f3n &#8220;Men\u00fa&#8221; en la parte superior derecha del navegador.<\/li>\n<li>Seleccione el elemento &#8220;Configuraci\u00f3n&#8221;, luego haga clic en el elemento &#8220;Configuraci\u00f3n de contenido&#8221; y elimine la marca de &#8220;Aceptar cookies&#8221;.<\/li>\n<\/ul>\n<p>N.B. Para activar la funci\u00f3n &#8220;No rastrear&#8221;, vaya a &#8220;Configuraci\u00f3n&#8221; &gt; &#8220;Privacidad&#8221;, haga clic en el bot\u00f3n &#8220;No rastrear&#8221; y mueva la palanca en la parte superior derecha a ON.<\/li>\n<li>Firefox\n<ul>\n<li>Haga clic en el bot\u00f3n &#8220;Men\u00fa&#8221; en la parte superior derecha del navegador.<\/li>\n<li>Seleccione el elemento &#8220;Configuraci\u00f3n&#8221;, luego haga clic en el elemento &#8220;Cookies&#8221; y marque &#8220;Deshabilitadas&#8221; si desea deshabilitarlas por completo; de lo contrario, marque &#8220;Activas, excluyendo a terceros&#8221; si desea deshabilitar las cookies solo para sitios de terceros.<\/li>\n<\/ul>\n<p>N.B. Para activar la funci\u00f3n &#8220;No rastrear&#8221;, haga clic en el elemento &#8220;Seguimiento&#8221; y elija la opci\u00f3n &#8220;Solicitar a los sitios que no realicen ning\u00fan seguimiento&#8221; en el cuadro que se abre.<\/li>\n<\/ul>\n<p style=\"font-weight: bold; margin: 0 0 5px 0;\">Bloquear cookies en dispositivos m\u00f3viles Apple<\/p>\n<ul>\n<li>Seleccione el elemento &#8220;Configuraci\u00f3n&#8221; en el men\u00fa de iOS ubicado en la pantalla de inicio<\/li>\n<li>Seleccione el icono de Safari en el men\u00fa que se abre<\/li>\n<li>En &#8220;Bloquear cookies&#8221;, marca la opci\u00f3n &#8220;Bloquear siempre&#8221; para desactivar completamente las cookies.<\/li>\n<\/ul>\n<p>N.B. Para activar la funci\u00f3n &#8220;No rastrear&#8221;, regrese al men\u00fa &#8220;Configuraci\u00f3n&#8221; &gt; &#8220;Safari&#8221; y configure el interruptor del elemento &#8220;No rastrear&#8221; en &#8220;ON&#8221;.<\/p>\n<\/div><\/div><\/div><\/div><\/div><\/div><\/section>\n","protected":false},"excerpt":{"rendered":"Cookie policy Pol\u00edtica de cookies 1.\u00bfQu\u00e9 son las cookies? Las cookies son peque\u00f1os archivos de texto que los sitios visitados por los usuarios env\u00edan a sus terminales, donde se almacenan antes de ser retransmitidos a los mismos sitios en la siguiente visita. Las cookies de las llamadas Los \u201cterceros\u201d son, sin embargo, los establecidos por...","protected":false},"author":1,"featured_media":2000,"parent":0,"menu_order":0,"comment_status":"closed","ping_status":"closed","template":"","meta":{"footnotes":""},"class_list":["post-4524","page","type-page","status-publish","has-post-thumbnail","hentry"],"yoast_head":"<!-- This site is optimized with the Yoast SEO plugin v26.6 - https:\/\/yoast.com\/wordpress\/plugins\/seo\/ -->\n<title>Cookie Policy - Edilfibro S.p.a.<\/title>\n<meta name=\"robots\" content=\"index, follow, max-snippet:-1, max-image-preview:large, max-video-preview:-1\" \/>\n<link rel=\"canonical\" href=\"https:\/\/www.edilfibro.it\/es\/cookie-policy\/\" \/>\n<meta property=\"og:locale\" content=\"es_ES\" \/>\n<meta property=\"og:type\" content=\"article\" \/>\n<meta property=\"og:title\" content=\"Cookie Policy - Edilfibro S.p.a.\" \/>\n<meta property=\"og:url\" content=\"https:\/\/www.edilfibro.it\/es\/cookie-policy\/\" \/>\n<meta property=\"og:site_name\" content=\"Edilfibro S.p.a.\" \/>\n<meta property=\"article:publisher\" content=\"https:\/\/www.facebook.com\/edilfibro\" \/>\n<meta property=\"article:modified_time\" content=\"2024-10-04T09:51:01+00:00\" \/>\n<meta property=\"og:image\" content=\"https:\/\/www.edilfibro.it\/wp-content\/uploads\/2024\/03\/aerea_stabilimento_1920x650.jpg\" \/>\n\t<meta property=\"og:image:width\" content=\"1896\" \/>\n\t<meta property=\"og:image:height\" content=\"650\" \/>\n\t<meta property=\"og:image:type\" content=\"image\/jpeg\" \/>\n<meta name=\"twitter:card\" content=\"summary_large_image\" \/>\n<meta name=\"twitter:label1\" content=\"Tiempo de lectura\" \/>\n\t<meta name=\"twitter:data1\" content=\"9 minutos\" \/>\n<script type=\"application\/ld+json\" class=\"yoast-schema-graph\">{\"@context\":\"https:\/\/schema.org\",\"@graph\":[{\"@type\":\"WebPage\",\"@id\":\"https:\/\/www.edilfibro.it\/es\/cookie-policy\/\",\"url\":\"https:\/\/www.edilfibro.it\/es\/cookie-policy\/\",\"name\":\"Cookie Policy - Edilfibro S.p.a.\",\"isPartOf\":{\"@id\":\"https:\/\/www.edilfibro.it\/es\/#website\"},\"primaryImageOfPage\":{\"@id\":\"https:\/\/www.edilfibro.it\/es\/cookie-policy\/#primaryimage\"},\"image\":{\"@id\":\"https:\/\/www.edilfibro.it\/es\/cookie-policy\/#primaryimage\"},\"thumbnailUrl\":\"https:\/\/www.edilfibro.it\/wp-content\/uploads\/2024\/03\/aerea_stabilimento_1920x650.jpg\",\"datePublished\":\"2017-06-28T15:24:25+00:00\",\"dateModified\":\"2024-10-04T09:51:01+00:00\",\"breadcrumb\":{\"@id\":\"https:\/\/www.edilfibro.it\/es\/cookie-policy\/#breadcrumb\"},\"inLanguage\":\"es\",\"potentialAction\":[{\"@type\":\"ReadAction\",\"target\":[\"https:\/\/www.edilfibro.it\/es\/cookie-policy\/\"]}]},{\"@type\":\"ImageObject\",\"inLanguage\":\"es\",\"@id\":\"https:\/\/www.edilfibro.it\/es\/cookie-policy\/#primaryimage\",\"url\":\"https:\/\/www.edilfibro.it\/wp-content\/uploads\/2024\/03\/aerea_stabilimento_1920x650.jpg\",\"contentUrl\":\"https:\/\/www.edilfibro.it\/wp-content\/uploads\/2024\/03\/aerea_stabilimento_1920x650.jpg\",\"width\":1896,\"height\":650},{\"@type\":\"BreadcrumbList\",\"@id\":\"https:\/\/www.edilfibro.it\/es\/cookie-policy\/#breadcrumb\",\"itemListElement\":[{\"@type\":\"ListItem\",\"position\":1,\"name\":\"Home\",\"item\":\"https:\/\/www.edilfibro.it\/es\/\"},{\"@type\":\"ListItem\",\"position\":2,\"name\":\"Cookie Policy\"}]},{\"@type\":\"WebSite\",\"@id\":\"https:\/\/www.edilfibro.it\/es\/#website\",\"url\":\"https:\/\/www.edilfibro.it\/es\/\",\"name\":\"Edilfibro S.p.a.\",\"description\":\"Coperture per tetti, lastre fibrocemento e metallo\",\"publisher\":{\"@id\":\"https:\/\/www.edilfibro.it\/es\/#organization\"},\"potentialAction\":[{\"@type\":\"SearchAction\",\"target\":{\"@type\":\"EntryPoint\",\"urlTemplate\":\"https:\/\/www.edilfibro.it\/es\/?s={search_term_string}\"},\"query-input\":{\"@type\":\"PropertyValueSpecification\",\"valueRequired\":true,\"valueName\":\"search_term_string\"}}],\"inLanguage\":\"es\"},{\"@type\":\"Organization\",\"@id\":\"https:\/\/www.edilfibro.it\/es\/#organization\",\"name\":\"Edilfibro S.p.a.\",\"url\":\"https:\/\/www.edilfibro.it\/es\/\",\"logo\":{\"@type\":\"ImageObject\",\"inLanguage\":\"es\",\"@id\":\"https:\/\/www.edilfibro.it\/es\/#\/schema\/logo\/image\/\",\"url\":\"https:\/\/www.edilfibro.it\/wp-content\/uploads\/2024\/09\/Logo-Edilfibro-2024-verde.webp\",\"contentUrl\":\"https:\/\/www.edilfibro.it\/wp-content\/uploads\/2024\/09\/Logo-Edilfibro-2024-verde.webp\",\"width\":270,\"height\":105,\"caption\":\"Edilfibro S.p.a.\"},\"image\":{\"@id\":\"https:\/\/www.edilfibro.it\/es\/#\/schema\/logo\/image\/\"},\"sameAs\":[\"https:\/\/www.facebook.com\/edilfibro\",\"https:\/\/www.linkedin.com\/company\/edilfibrospa\/\",\"https:\/\/www.youtube.com\/channel\/UCfz1PuhFpXa0MFkRDzC_Cgw\"]}]}<\/script>\n<!-- \/ Yoast SEO plugin. -->","yoast_head_json":{"title":"Cookie Policy - Edilfibro S.p.a.","robots":{"index":"index","follow":"follow","max-snippet":"max-snippet:-1","max-image-preview":"max-image-preview:large","max-video-preview":"max-video-preview:-1"},"canonical":"https:\/\/www.edilfibro.it\/es\/cookie-policy\/","og_locale":"es_ES","og_type":"article","og_title":"Cookie Policy - Edilfibro S.p.a.","og_url":"https:\/\/www.edilfibro.it\/es\/cookie-policy\/","og_site_name":"Edilfibro S.p.a.","article_publisher":"https:\/\/www.facebook.com\/edilfibro","article_modified_time":"2024-10-04T09:51:01+00:00","og_image":[{"width":1896,"height":650,"url":"https:\/\/www.edilfibro.it\/wp-content\/uploads\/2024\/03\/aerea_stabilimento_1920x650.jpg","type":"image\/jpeg"}],"twitter_card":"summary_large_image","twitter_misc":{"Tiempo de lectura":"9 minutos"},"schema":{"@context":"https:\/\/schema.org","@graph":[{"@type":"WebPage","@id":"https:\/\/www.edilfibro.it\/es\/cookie-policy\/","url":"https:\/\/www.edilfibro.it\/es\/cookie-policy\/","name":"Cookie Policy - Edilfibro S.p.a.","isPartOf":{"@id":"https:\/\/www.edilfibro.it\/es\/#website"},"primaryImageOfPage":{"@id":"https:\/\/www.edilfibro.it\/es\/cookie-policy\/#primaryimage"},"image":{"@id":"https:\/\/www.edilfibro.it\/es\/cookie-policy\/#primaryimage"},"thumbnailUrl":"https:\/\/www.edilfibro.it\/wp-content\/uploads\/2024\/03\/aerea_stabilimento_1920x650.jpg","datePublished":"2017-06-28T15:24:25+00:00","dateModified":"2024-10-04T09:51:01+00:00","breadcrumb":{"@id":"https:\/\/www.edilfibro.it\/es\/cookie-policy\/#breadcrumb"},"inLanguage":"es","potentialAction":[{"@type":"ReadAction","target":["https:\/\/www.edilfibro.it\/es\/cookie-policy\/"]}]},{"@type":"ImageObject","inLanguage":"es","@id":"https:\/\/www.edilfibro.it\/es\/cookie-policy\/#primaryimage","url":"https:\/\/www.edilfibro.it\/wp-content\/uploads\/2024\/03\/aerea_stabilimento_1920x650.jpg","contentUrl":"https:\/\/www.edilfibro.it\/wp-content\/uploads\/2024\/03\/aerea_stabilimento_1920x650.jpg","width":1896,"height":650},{"@type":"BreadcrumbList","@id":"https:\/\/www.edilfibro.it\/es\/cookie-policy\/#breadcrumb","itemListElement":[{"@type":"ListItem","position":1,"name":"Home","item":"https:\/\/www.edilfibro.it\/es\/"},{"@type":"ListItem","position":2,"name":"Cookie Policy"}]},{"@type":"WebSite","@id":"https:\/\/www.edilfibro.it\/es\/#website","url":"https:\/\/www.edilfibro.it\/es\/","name":"Edilfibro S.p.a.","description":"Coperture per tetti, lastre fibrocemento e metallo","publisher":{"@id":"https:\/\/www.edilfibro.it\/es\/#organization"},"potentialAction":[{"@type":"SearchAction","target":{"@type":"EntryPoint","urlTemplate":"https:\/\/www.edilfibro.it\/es\/?s={search_term_string}"},"query-input":{"@type":"PropertyValueSpecification","valueRequired":true,"valueName":"search_term_string"}}],"inLanguage":"es"},{"@type":"Organization","@id":"https:\/\/www.edilfibro.it\/es\/#organization","name":"Edilfibro S.p.a.","url":"https:\/\/www.edilfibro.it\/es\/","logo":{"@type":"ImageObject","inLanguage":"es","@id":"https:\/\/www.edilfibro.it\/es\/#\/schema\/logo\/image\/","url":"https:\/\/www.edilfibro.it\/wp-content\/uploads\/2024\/09\/Logo-Edilfibro-2024-verde.webp","contentUrl":"https:\/\/www.edilfibro.it\/wp-content\/uploads\/2024\/09\/Logo-Edilfibro-2024-verde.webp","width":270,"height":105,"caption":"Edilfibro S.p.a."},"image":{"@id":"https:\/\/www.edilfibro.it\/es\/#\/schema\/logo\/image\/"},"sameAs":["https:\/\/www.facebook.com\/edilfibro","https:\/\/www.linkedin.com\/company\/edilfibrospa\/","https:\/\/www.youtube.com\/channel\/UCfz1PuhFpXa0MFkRDzC_Cgw"]}]}},"_links":{"self":[{"href":"https:\/\/www.edilfibro.it\/es\/wp-json\/wp\/v2\/pages\/4524","targetHints":{"allow":["GET"]}}],"collection":[{"href":"https:\/\/www.edilfibro.it\/es\/wp-json\/wp\/v2\/pages"}],"about":[{"href":"https:\/\/www.edilfibro.it\/es\/wp-json\/wp\/v2\/types\/page"}],"author":[{"embeddable":true,"href":"https:\/\/www.edilfibro.it\/es\/wp-json\/wp\/v2\/users\/1"}],"replies":[{"embeddable":true,"href":"https:\/\/www.edilfibro.it\/es\/wp-json\/wp\/v2\/comments?post=4524"}],"version-history":[{"count":3,"href":"https:\/\/www.edilfibro.it\/es\/wp-json\/wp\/v2\/pages\/4524\/revisions"}],"predecessor-version":[{"id":4576,"href":"https:\/\/www.edilfibro.it\/es\/wp-json\/wp\/v2\/pages\/4524\/revisions\/4576"}],"wp:featuredmedia":[{"embeddable":true,"href":"https:\/\/www.edilfibro.it\/es\/wp-json\/wp\/v2\/media\/2000"}],"wp:attachment":[{"href":"https:\/\/www.edilfibro.it\/es\/wp-json\/wp\/v2\/media?parent=4524"}],"curies":[{"name":"wp","href":"https:\/\/api.w.org\/{rel}","templated":true}]}}