{"id":4313,"date":"2020-10-07T15:50:22","date_gmt":"2020-10-07T13:50:22","guid":{"rendered":"https:\/\/edilfibro2.noon.srl\/privacy-policy\/"},"modified":"2024-11-07T11:06:23","modified_gmt":"2024-11-07T10:06:23","slug":"privacy-policy","status":"publish","type":"page","link":"https:\/\/www.edilfibro.it\/es\/privacy-policy\/","title":{"rendered":"Privacy policy"},"content":{"rendered":"<section class=\"l-section wpb_row height_medium\"><div class=\"l-section-h i-cf\"><div class=\"g-cols vc_row via_grid cols_1 laptops-cols_inherit tablets-cols_inherit mobiles-cols_1 valign_top type_default stacking_default\"><div class=\"wpb_column vc_column_container\"><div class=\"vc_column-inner\"><div class=\"wpb_text_column\"><div class=\"wpb_wrapper\"><h3>Informaci\u00f3n proporcionada de acuerdo con el Art\u00edculo 13 del Reglamento UE 2016\/679 (en adelante RGPD)<\/h3>\n<h4>Informaci\u00f3n general<\/h4>\n<p>Informamos a los sujetos interesados (como se menciona en el Art.4, p\u00e1rrafo 1 del RGPD) de los siguientes perfiles generales, efectivos para todos los campos de tratamiento:<\/p>\n<ul>\n<li>todos los datos se tratan de manera l\u00edcita, correcta y transparente con respecto a la persona interesada, en cumplimiento de los principios generales establecidos en el Art\u00edculo 5 del RGPD;<\/li>\n<li>se prev\u00e9n medidas de seguridad espec\u00edficas para prevenir la p\u00e9rdida de datos, el uso il\u00edcito o incorrecto y los accesos no autorizados.<\/li>\n<\/ul>\n<h4>Referencias y derechos de los sujetos interesados<\/h4>\n<p>El Responsable del Tratamiento es la abajo firmante Edilfibro Spa, representada por el representante legal pro-tempore, a quien se puede dirigir para ejercer todos los derechos establecidos en los art. 15-21 del RGPD (derecho de acceso, rectificaci\u00f3n, cancelaci\u00f3n, limitaci\u00f3n, portabilidad, oposici\u00f3n), y revocar un consentimiento previamente acordado; en caso de falta de respuesta a sus solicitudes, las personas involucradas pueden presentar una queja ante la Autoridad de Protecci\u00f3n de Datos (RGPD \u2013 Art.13, p\u00e1rrafo 2, letra d).<\/p>\n<h4>Datos de contacto del Responsable del Tratamiento<\/h4>\n<p>Direcci\u00f3n: S.S. N. 10 \u2013 Km 164, 700 &#8211; 27040 Arena Po (PV) Italia<br \/>\nTel\u00e9fono: +39 0385 272811 \u2013 Email: <a href=\"mailto:info@edilfibro.it\">info@edilfibro.it<\/a>.<\/p>\n<h4>Datos de navegaci\u00f3n<\/h4>\n<p>Los sistemas inform\u00e1ticos y los procedimientos de software utilizados en este sitio web adquieren, durante su funcionamiento normal, algunos datos personales cuya transmisi\u00f3n est\u00e1 impl\u00edcita en el uso de los protocolos de comunicaci\u00f3n de Internet. Esta informaci\u00f3n no se recopila para ser asociada con sujetos identificados involucrados, pero por su naturaleza podr\u00eda, a trav\u00e9s del procesamiento y asociaci\u00f3n con datos en poder de terceros, permitir la identificaci\u00f3n de los usuarios. En esta categor\u00eda de datos se incluyen las direcciones IP o los nombres de dominio de las computadoras utilizadas por los usuarios que se conectan al sitio, las direcciones URI (Identificador de Recursos Uniforme) de los recursos solicitados, la hora de la solicitud, el m\u00e9todo utilizado para enviar la solicitud al servidor, el tama\u00f1o del archivo obtenido en respuesta, el c\u00f3digo num\u00e9rico que indica el estado de la respuesta dada por el servidor (exitoso, error, etc.) y otros par\u00e1metros relacionados con el sistema operativo y el marco inform\u00e1tico de los usuarios.<\/p>\n<table>\n<tbody>\n<tr>\n<td><strong>Finalidad y base jur\u00eddica del tratamiento<\/strong><\/p>\n<p>(RGPD-Art.13, p\u00e1rrafo 1, letra c)<\/td>\n<td>Estos datos se utilizan solo para obtener informaci\u00f3n estad\u00edstica sobre el uso del sitio web y para comprobar su correcto funcionamiento. Los datos tambi\u00e9n podr\u00edan utilizarse para determinar la responsabilidad en caso de posibles delitos inform\u00e1ticos contra el sitio web (intereses leg\u00edtimos del propietario).<\/td>\n<\/tr>\n<tr>\n<td><strong>Campo de comunicaci\u00f3n<\/strong><br \/>\n(RGPD-Art.13, p\u00e1rrafo 1, letra e,f)<\/td>\n<td>Los datos pueden ser procesados exclusivamente por personal interno, debidamente autorizado y capacitado para el procesamiento (RGPD-Art.29) o por cualquier persona encargada del mantenimiento de la plataforma web (en este caso, gestores externos) y no ser\u00e1n comunicados a otros sujetos, divulgados o transferidos a pa\u00edses no pertenecientes a la UE. Solo en caso de investigaci\u00f3n se pondr\u00e1n a disposici\u00f3n de las autoridades competentes.<\/td>\n<\/tr>\n<tr>\n<td><strong>Per\u00edodo de conservaci\u00f3n de datos<\/strong><br \/>\n(GDPR-Art.13, comma 2, lett.a)<\/td>\n<td>Los datos se almacenan normalmente durante per\u00edodos cortos de tiempo, con excepci\u00f3n de posibles extensiones relacionadas con actividades de investigaci\u00f3n.<\/td>\n<\/tr>\n<tr>\n<td><strong>Provision<\/strong><br \/>\n(RGPD-Art.13, p\u00e1rrafo 2, letra a)<\/td>\n<td>Los datos no son proporcionados por el interesado sino adquiridos autom\u00e1ticamente por los sistemas tecnol\u00f3gicos del sitio.<\/td>\n<\/tr>\n<\/tbody>\n<\/table>\n<p>&nbsp;<\/p>\n<h4>Cookies<\/h4>\n<p><strong>Qu\u00e9 son:<\/strong> Las cookies son peque\u00f1os fragmentos de texto (letras y\/o n\u00fameros) que permiten al servidor web almacenar informaci\u00f3n en el cliente (el navegador) para reutilizarla durante esa visita al sitio web (cookies de sesi\u00f3n) o posteriormente, incluso despu\u00e9s de varios d\u00edas (cookies persistentes). Las cookies se almacenan, seg\u00fan las preferencias del usuario, por el navegador individual en el dispositivo espec\u00edfico utilizado (computadora, tablet, smartphone). Tecnolog\u00edas similares, como, por ejemplo, web beacons, GIFs transparentes y todas las formas de almacenamiento local introducidas con HTML5, pueden utilizarse para recopilar informaci\u00f3n sobre el comportamiento del usuario y el uso de los servicios. En esta declaraci\u00f3n nos referiremos a las cookies y a todas las tecnolog\u00edas similares simplemente usando la palabra &#8220;cookie&#8221;.<\/p>\n<h3 class=\"font-600 text-lg font-bold\">Tipos posibles de cookies de primera parte y m\u00e9todos de gesti\u00f3n de preferencias<\/h3>\n<table>\n<tbody>\n<tr>\n<th>CATEGOR\u00cdA<\/th>\n<th>PROP\u00d3SITO<\/th>\n<th>GESTI\u00d3N DE<br \/>\nPREFERENCIAS<\/th>\n<\/tr>\n<tr>\n<td><strong>Cookies t\u00e9cnicas de navegaci\u00f3n o sesi\u00f3n<\/strong><\/td>\n<td>Garantizar la navegaci\u00f3n normal y el uso del sitio web<\/td>\n<td rowspan=\"4\">A trav\u00e9s de los principales navegadores web, es posible:<\/p>\n<ul>\n<li>Bloquear la recepci\u00f3n de todos (o algunos) tipos de cookies por defecto<\/li>\n<li>Ver la lista anal\u00edtica de las cookies utilizadas<\/li>\n<li>Eliminar todas o algunas de las cookies instaladas<\/li>\n<\/ul>\n<p>Para obtener informaci\u00f3n sobre la configuraci\u00f3n de los navegadores individuales, consulte el p\u00e1rrafo espec\u00edfico. Tenga en cuenta que bloquear o eliminar cookies puede comprometer la navegaci\u00f3n y funcionalidad del sitio web.<\/td>\n<\/tr>\n<tr>\n<td><strong>Cookies t\u00e9cnico-anal\u00edticas\u00a0<\/strong><\/td>\n<td>Recopilar informaci\u00f3n sobre el n\u00famero de visitantes y las p\u00e1ginas visitadas<\/td>\n<\/tr>\n<tr>\n<td><strong>Cookies t\u00e9cnico-funcionales\u00a0<\/strong><\/td>\n<td>Permitir la navegaci\u00f3n en funci\u00f3n de los criterios seleccionados<\/td>\n<\/tr>\n<tr>\n<td><strong>Cookies de perfilaci\u00f3n\u00a0<\/strong><\/td>\n<td>Crear perfiles de usuario para enviar mensajes publicitarios en l\u00ednea con las preferencias preferences<\/td>\n<\/tr>\n<\/tbody>\n<\/table>\n<p>El sitio web puede contener enlaces a sitios web de terceros y cookies de terceros; para obtener m\u00e1s informaci\u00f3n, consulte la pol\u00edtica de privacidad de los sitios enlazados.<\/p>\n<p>&nbsp;<\/p>\n<h4>Gesti\u00f3n de preferencias a trav\u00e9s de los principales navegadores<\/h4>\n<p class=\"whitespace-pre-wrap break-words\">El usuario puede decidir si acepta cookies utilizando la configuraci\u00f3n de su navegador (se\u00f1alamos que, por defecto, casi todos los navegadores web est\u00e1n configurados para aceptar cookies autom\u00e1ticamente). La configuraci\u00f3n se puede modificar y definir espec\u00edficamente para diferentes sitios web y aplicaciones web. Adem\u00e1s, los mejores navegadores permiten definir configuraciones diferentes para cookies &#8220;propias&#8221; y &#8220;de terceros&#8221;. Normalmente, la configuraci\u00f3n de cookies se realiza desde el men\u00fa &#8220;Preferencias&#8221;, &#8220;Herramientas&#8221; u &#8220;Opciones&#8221;.<\/p>\n<p class=\"whitespace-pre-wrap break-words\">A continuaci\u00f3n, puede encontrar una lista de enlaces a las gu\u00edas para la gesti\u00f3n de cookies de los principales navegadores:<\/p>\n<ul class=\"-mt-1 list-disc space-y-2 pl-8\">\n<li class=\"whitespace-normal break-words\">Internet Explorer: <a href=\"http:\/\/support.microsoft.com\/kb\/278835\">http:\/\/support.microsoft.com\/kb\/278835<\/a><\/li>\n<li class=\"whitespace-normal break-words\">Internet Explorer [versi\u00f3n m\u00f3vil]: <a href=\"http:\/\/www.windowsphone.com\/en-us\/how-to\/wp7\/web\/changing-privacy-and-other-browser-settings\">http:\/\/www.windowsphone.com\/en-us\/how-to\/wp7\/web\/changing-privacy-and-other-browser-settings<\/a><\/li>\n<li class=\"whitespace-normal break-words\">Chrome: <a href=\"http:\/\/support.google.com\/chrome\/bin\/answer.py?hl=en-GB&amp;answer=95647\">http:\/\/support.google.com\/chrome\/bin\/answer.py?hl=en-GB&amp;answer=95647<\/a><\/li>\n<li class=\"whitespace-normal break-words\">Safari: <a href=\"http:\/\/docs.info.apple.com\/article.html?path=Safari\/5.0\/en\/9277.html\">http:\/\/docs.info.apple.com\/article.html?path=Safari\/5.0\/en\/9277.html<\/a><\/li>\n<li class=\"whitespace-normal break-words\">Safari [versi\u00f3n m\u00f3vil]: <a href=\"http:\/\/support.apple.com\/kb\/HT1677\">http:\/\/support.apple.com\/kb\/HT1677<\/a><\/li>\n<li class=\"whitespace-normal break-words\">Firefox: <a href=\"http:\/\/support.mozilla.org\/en-US\/kb\/Enabling%20and%20disabling%20cookies\">http:\/\/support.mozilla.org\/en-US\/kb\/Enabling%20and%20disabling%20cookies<\/a><\/li>\n<li class=\"whitespace-normal break-words\">Android: <a href=\"https:\/\/support.google.com\/accounts\/answer\/61416?co=GENIE.Platform%3DAndroid&amp;hl=en\">https:\/\/support.google.com\/accounts\/answer\/61416?co=GENIE.Platform%3DAndroid&amp;hl=en<\/a><\/li>\n<li class=\"whitespace-normal break-words\">Opera: <a href=\"http:\/\/help.opera.com\/opera\/Windows\/1781\/it\/controlPages.html#manageCookies\">http:\/\/help.opera.com\/opera\/Windows\/1781\/it\/controlPages.html#manageCookies<\/a><\/li>\n<\/ul>\n<p>&nbsp;<\/p>\n<h4>Informaci\u00f3n adicional<\/h4>\n<ul>\n<li>\n<ul class=\"-mt-1 list-disc space-y-2 pl-8\">\n<li class=\"whitespace-normal break-words\"><a href=\"http:\/\/www.allaboutcookies.org\">www.allaboutcookies.org<\/a> (para m\u00e1s informaci\u00f3n sobre las tecnolog\u00edas de cookies y c\u00f3mo funcionan)<\/li>\n<li class=\"whitespace-normal break-words\"><a href=\"http:\/\/www.youronlinechoices.com\/it\/a-proposito\">www.youronlinechoices.com\/it\/a-proposito<\/a> (permite a los usuarios oponerse a la instalaci\u00f3n de las principales cookies de perfilaci\u00f3n)<\/li>\n<li class=\"whitespace-normal break-words\"><a href=\"http:\/\/www.garanteprivacy.it\/cookie\">www.garanteprivacy.it\/cookie<\/a> (recopilaci\u00f3n de las principales intervenciones normativas sobre este tema por parte de la Autoridad Garante italiana)<\/li>\n<\/ul>\n<p class=\"whitespace-pre-wrap break-words\">Para m\u00e1s informaci\u00f3n o para ejercer los derechos establecidos en los Art\u00edculos 15 a 22 del Reglamento Europeo de Privacidad n. 679\/16, puede ponerse en contacto con el Responsable del Tratamiento utilizando los contactos en el sitio web,<\/p>\n<\/li>\n<\/ul>\n<p>&nbsp;<\/p>\n<h4>Servicios espec\u00edficos<\/h4>\n<p>El sitio web puede contener formularios de recopilaci\u00f3n de datos con el prop\u00f3sito de garantizar al usuario servicios\/funcionalidades (por ejemplo: solicitud de informaci\u00f3n, registros, etc.).<\/p>\n<table>\n<tbody>\n<tr>\n<td><strong>Finalidad y base jur\u00eddica del tratamiento<\/strong><br \/>\n(RGPD-Art.13, p\u00e1rrafo 1, letra c)<\/td>\n<td>Los datos de identificaci\u00f3n y contacto son necesarios para responder a las necesidades de los interesados. El env\u00edo de la solicitud est\u00e1 sujeto a consentimiento espec\u00edfico, libre e informado (RGPD-Art.6, p\u00e1rrafo 1, letra a).<\/td>\n<\/tr>\n<tr>\n<td><strong>Campo de comunicaci\u00f3n<\/strong><br \/>\n(RGPD-Art.13, p\u00e1rrafo 1, letra e,f)<\/td>\n<td>Los datos son procesados exclusivamente por personal debidamente autorizado y capacitado (RGPD-Art.29) o por personas encargadas del mantenimiento de la plataforma web o de la prestaci\u00f3n del servicio (en este caso, gestores externos). Los datos no ser\u00e1n divulgados ni transferidos a pa\u00edses no pertenecientes a la UE.<\/td>\n<\/tr>\n<tr>\n<td><strong>Per\u00edodo de conservaci\u00f3n de datos<\/strong><br \/>\n(RGPD-Art.13, p\u00e1rrafo 2, letra a)<\/td>\n<td>Los datos se almacenan durante tiempos compatibles con la finalidad de la recopilaci\u00f3n.<\/td>\n<\/tr>\n<tr>\n<td><strong>Provisi\u00f3n<\/strong><br \/>\n(RGPD-Art.13, p\u00e1rrafo 2, letra f) Los datos no son proporcionados por la parte involucrada sino adquiridos autom\u00e1ticamente por los sistemas tecnol\u00f3gicos del sitio.<\/td>\n<td>La provisi\u00f3n de datos mencionados en los campos obligatorios es necesaria para obtener una respuesta, mientras que los campos opcionales tienen el prop\u00f3sito de proporcionar al personal elementos adicionales \u00fatiles para facilitar el contacto.<\/td>\n<\/tr>\n<\/tbody>\n<\/table>\n<h4>Datos proporcionados voluntariamente por el usuario<\/h4>\n<p>El env\u00edo opcional, expl\u00edcito y voluntario de correo electr\u00f3nico y\/o ordinario a las direcciones de este sitio web causa la posterior adquisici\u00f3n de la direcci\u00f3n del remitente, necesaria para responder a las solicitudes, as\u00ed como cualquier otro dato personal incluido en el mensaje. Si el remitente env\u00eda su propio curr\u00edculum para presentar su candidatura profesional, es el \u00fanico responsable de la relevancia y exactitud de los datos enviados. Tenga en cuenta que cualquier curr\u00edculum que no tenga la autorizaci\u00f3n para procesar los datos ser\u00e1 inmediatamente eliminado.<\/p>\n<p>&nbsp;<\/p>\n<h4>Actualizaci\u00f3n de la pol\u00edtica de privacidad<\/h4>\n<p>Tenga en cuenta que esta divulgaci\u00f3n puede estar sujeta a revisi\u00f3n peri\u00f3dica, tambi\u00e9n en relaci\u00f3n con la legislaci\u00f3n y jurisprudencia relevantes. En caso de cambios significativos, se proporcionar\u00e1 evidencia apropiada en la p\u00e1gina de inicio del sitio web durante un tiempo razonable. Sin embargo, se invita a los sujetos involucrados a consultar peri\u00f3dicamente esta pol\u00edtica.<\/p>\n<\/div><\/div><\/div><\/div><\/div><\/div><\/section>\n","protected":false},"excerpt":{"rendered":"Informaci\u00f3n proporcionada de acuerdo con el Art\u00edculo 13 del Reglamento UE 2016\/679 (en adelante RGPD) Informaci\u00f3n general Informamos a los sujetos interesados (como se menciona en el Art.4, p\u00e1rrafo 1 del RGPD) de los siguientes perfiles generales, efectivos para todos los campos de tratamiento: todos los datos se tratan de manera l\u00edcita, correcta y transparente...","protected":false},"author":1,"featured_media":2000,"parent":0,"menu_order":0,"comment_status":"closed","ping_status":"closed","template":"","meta":{"footnotes":""},"class_list":["post-4313","page","type-page","status-publish","has-post-thumbnail","hentry"],"yoast_head":"<!-- This site is optimized with the Yoast SEO plugin v26.6 - https:\/\/yoast.com\/wordpress\/plugins\/seo\/ -->\n<title>Privacy policy - Edilfibro S.p.a.<\/title>\n<meta name=\"robots\" content=\"index, follow, max-snippet:-1, max-image-preview:large, max-video-preview:-1\" \/>\n<link rel=\"canonical\" href=\"https:\/\/www.edilfibro.it\/es\/privacy-policy\/\" \/>\n<meta property=\"og:locale\" content=\"es_ES\" \/>\n<meta property=\"og:type\" content=\"article\" \/>\n<meta property=\"og:title\" content=\"Privacy policy - Edilfibro S.p.a.\" \/>\n<meta property=\"og:url\" content=\"https:\/\/www.edilfibro.it\/es\/privacy-policy\/\" \/>\n<meta property=\"og:site_name\" content=\"Edilfibro S.p.a.\" \/>\n<meta property=\"article:publisher\" content=\"https:\/\/www.facebook.com\/edilfibro\" \/>\n<meta property=\"article:modified_time\" content=\"2024-11-07T10:06:23+00:00\" \/>\n<meta property=\"og:image\" content=\"https:\/\/www.edilfibro.it\/wp-content\/uploads\/2024\/03\/aerea_stabilimento_1920x650.jpg\" \/>\n\t<meta property=\"og:image:width\" content=\"1896\" \/>\n\t<meta property=\"og:image:height\" content=\"650\" \/>\n\t<meta property=\"og:image:type\" content=\"image\/jpeg\" \/>\n<meta name=\"twitter:card\" content=\"summary_large_image\" \/>\n<meta name=\"twitter:label1\" content=\"Tiempo de lectura\" \/>\n\t<meta name=\"twitter:data1\" content=\"8 minutos\" \/>\n<script type=\"application\/ld+json\" class=\"yoast-schema-graph\">{\"@context\":\"https:\/\/schema.org\",\"@graph\":[{\"@type\":\"WebPage\",\"@id\":\"https:\/\/www.edilfibro.it\/es\/privacy-policy\/\",\"url\":\"https:\/\/www.edilfibro.it\/es\/privacy-policy\/\",\"name\":\"Privacy policy - Edilfibro S.p.a.\",\"isPartOf\":{\"@id\":\"https:\/\/www.edilfibro.it\/es\/#website\"},\"primaryImageOfPage\":{\"@id\":\"https:\/\/www.edilfibro.it\/es\/privacy-policy\/#primaryimage\"},\"image\":{\"@id\":\"https:\/\/www.edilfibro.it\/es\/privacy-policy\/#primaryimage\"},\"thumbnailUrl\":\"https:\/\/www.edilfibro.it\/wp-content\/uploads\/2024\/03\/aerea_stabilimento_1920x650.jpg\",\"datePublished\":\"2020-10-07T13:50:22+00:00\",\"dateModified\":\"2024-11-07T10:06:23+00:00\",\"breadcrumb\":{\"@id\":\"https:\/\/www.edilfibro.it\/es\/privacy-policy\/#breadcrumb\"},\"inLanguage\":\"es\",\"potentialAction\":[{\"@type\":\"ReadAction\",\"target\":[\"https:\/\/www.edilfibro.it\/es\/privacy-policy\/\"]}]},{\"@type\":\"ImageObject\",\"inLanguage\":\"es\",\"@id\":\"https:\/\/www.edilfibro.it\/es\/privacy-policy\/#primaryimage\",\"url\":\"https:\/\/www.edilfibro.it\/wp-content\/uploads\/2024\/03\/aerea_stabilimento_1920x650.jpg\",\"contentUrl\":\"https:\/\/www.edilfibro.it\/wp-content\/uploads\/2024\/03\/aerea_stabilimento_1920x650.jpg\",\"width\":1896,\"height\":650},{\"@type\":\"BreadcrumbList\",\"@id\":\"https:\/\/www.edilfibro.it\/es\/privacy-policy\/#breadcrumb\",\"itemListElement\":[{\"@type\":\"ListItem\",\"position\":1,\"name\":\"Home\",\"item\":\"https:\/\/www.edilfibro.it\/es\/\"},{\"@type\":\"ListItem\",\"position\":2,\"name\":\"Privacy policy\"}]},{\"@type\":\"WebSite\",\"@id\":\"https:\/\/www.edilfibro.it\/es\/#website\",\"url\":\"https:\/\/www.edilfibro.it\/es\/\",\"name\":\"Edilfibro S.p.a.\",\"description\":\"Coperture per tetti, lastre fibrocemento e metallo\",\"publisher\":{\"@id\":\"https:\/\/www.edilfibro.it\/es\/#organization\"},\"potentialAction\":[{\"@type\":\"SearchAction\",\"target\":{\"@type\":\"EntryPoint\",\"urlTemplate\":\"https:\/\/www.edilfibro.it\/es\/?s={search_term_string}\"},\"query-input\":{\"@type\":\"PropertyValueSpecification\",\"valueRequired\":true,\"valueName\":\"search_term_string\"}}],\"inLanguage\":\"es\"},{\"@type\":\"Organization\",\"@id\":\"https:\/\/www.edilfibro.it\/es\/#organization\",\"name\":\"Edilfibro S.p.a.\",\"url\":\"https:\/\/www.edilfibro.it\/es\/\",\"logo\":{\"@type\":\"ImageObject\",\"inLanguage\":\"es\",\"@id\":\"https:\/\/www.edilfibro.it\/es\/#\/schema\/logo\/image\/\",\"url\":\"https:\/\/www.edilfibro.it\/wp-content\/uploads\/2024\/09\/Logo-Edilfibro-2024-verde.webp\",\"contentUrl\":\"https:\/\/www.edilfibro.it\/wp-content\/uploads\/2024\/09\/Logo-Edilfibro-2024-verde.webp\",\"width\":270,\"height\":105,\"caption\":\"Edilfibro S.p.a.\"},\"image\":{\"@id\":\"https:\/\/www.edilfibro.it\/es\/#\/schema\/logo\/image\/\"},\"sameAs\":[\"https:\/\/www.facebook.com\/edilfibro\",\"https:\/\/www.linkedin.com\/company\/edilfibrospa\/\",\"https:\/\/www.youtube.com\/channel\/UCfz1PuhFpXa0MFkRDzC_Cgw\"]}]}<\/script>\n<!-- \/ Yoast SEO plugin. -->","yoast_head_json":{"title":"Privacy policy - Edilfibro S.p.a.","robots":{"index":"index","follow":"follow","max-snippet":"max-snippet:-1","max-image-preview":"max-image-preview:large","max-video-preview":"max-video-preview:-1"},"canonical":"https:\/\/www.edilfibro.it\/es\/privacy-policy\/","og_locale":"es_ES","og_type":"article","og_title":"Privacy policy - Edilfibro S.p.a.","og_url":"https:\/\/www.edilfibro.it\/es\/privacy-policy\/","og_site_name":"Edilfibro S.p.a.","article_publisher":"https:\/\/www.facebook.com\/edilfibro","article_modified_time":"2024-11-07T10:06:23+00:00","og_image":[{"width":1896,"height":650,"url":"https:\/\/www.edilfibro.it\/wp-content\/uploads\/2024\/03\/aerea_stabilimento_1920x650.jpg","type":"image\/jpeg"}],"twitter_card":"summary_large_image","twitter_misc":{"Tiempo de lectura":"8 minutos"},"schema":{"@context":"https:\/\/schema.org","@graph":[{"@type":"WebPage","@id":"https:\/\/www.edilfibro.it\/es\/privacy-policy\/","url":"https:\/\/www.edilfibro.it\/es\/privacy-policy\/","name":"Privacy policy - Edilfibro S.p.a.","isPartOf":{"@id":"https:\/\/www.edilfibro.it\/es\/#website"},"primaryImageOfPage":{"@id":"https:\/\/www.edilfibro.it\/es\/privacy-policy\/#primaryimage"},"image":{"@id":"https:\/\/www.edilfibro.it\/es\/privacy-policy\/#primaryimage"},"thumbnailUrl":"https:\/\/www.edilfibro.it\/wp-content\/uploads\/2024\/03\/aerea_stabilimento_1920x650.jpg","datePublished":"2020-10-07T13:50:22+00:00","dateModified":"2024-11-07T10:06:23+00:00","breadcrumb":{"@id":"https:\/\/www.edilfibro.it\/es\/privacy-policy\/#breadcrumb"},"inLanguage":"es","potentialAction":[{"@type":"ReadAction","target":["https:\/\/www.edilfibro.it\/es\/privacy-policy\/"]}]},{"@type":"ImageObject","inLanguage":"es","@id":"https:\/\/www.edilfibro.it\/es\/privacy-policy\/#primaryimage","url":"https:\/\/www.edilfibro.it\/wp-content\/uploads\/2024\/03\/aerea_stabilimento_1920x650.jpg","contentUrl":"https:\/\/www.edilfibro.it\/wp-content\/uploads\/2024\/03\/aerea_stabilimento_1920x650.jpg","width":1896,"height":650},{"@type":"BreadcrumbList","@id":"https:\/\/www.edilfibro.it\/es\/privacy-policy\/#breadcrumb","itemListElement":[{"@type":"ListItem","position":1,"name":"Home","item":"https:\/\/www.edilfibro.it\/es\/"},{"@type":"ListItem","position":2,"name":"Privacy policy"}]},{"@type":"WebSite","@id":"https:\/\/www.edilfibro.it\/es\/#website","url":"https:\/\/www.edilfibro.it\/es\/","name":"Edilfibro S.p.a.","description":"Coperture per tetti, lastre fibrocemento e metallo","publisher":{"@id":"https:\/\/www.edilfibro.it\/es\/#organization"},"potentialAction":[{"@type":"SearchAction","target":{"@type":"EntryPoint","urlTemplate":"https:\/\/www.edilfibro.it\/es\/?s={search_term_string}"},"query-input":{"@type":"PropertyValueSpecification","valueRequired":true,"valueName":"search_term_string"}}],"inLanguage":"es"},{"@type":"Organization","@id":"https:\/\/www.edilfibro.it\/es\/#organization","name":"Edilfibro S.p.a.","url":"https:\/\/www.edilfibro.it\/es\/","logo":{"@type":"ImageObject","inLanguage":"es","@id":"https:\/\/www.edilfibro.it\/es\/#\/schema\/logo\/image\/","url":"https:\/\/www.edilfibro.it\/wp-content\/uploads\/2024\/09\/Logo-Edilfibro-2024-verde.webp","contentUrl":"https:\/\/www.edilfibro.it\/wp-content\/uploads\/2024\/09\/Logo-Edilfibro-2024-verde.webp","width":270,"height":105,"caption":"Edilfibro S.p.a."},"image":{"@id":"https:\/\/www.edilfibro.it\/es\/#\/schema\/logo\/image\/"},"sameAs":["https:\/\/www.facebook.com\/edilfibro","https:\/\/www.linkedin.com\/company\/edilfibrospa\/","https:\/\/www.youtube.com\/channel\/UCfz1PuhFpXa0MFkRDzC_Cgw"]}]}},"_links":{"self":[{"href":"https:\/\/www.edilfibro.it\/es\/wp-json\/wp\/v2\/pages\/4313","targetHints":{"allow":["GET"]}}],"collection":[{"href":"https:\/\/www.edilfibro.it\/es\/wp-json\/wp\/v2\/pages"}],"about":[{"href":"https:\/\/www.edilfibro.it\/es\/wp-json\/wp\/v2\/types\/page"}],"author":[{"embeddable":true,"href":"https:\/\/www.edilfibro.it\/es\/wp-json\/wp\/v2\/users\/1"}],"replies":[{"embeddable":true,"href":"https:\/\/www.edilfibro.it\/es\/wp-json\/wp\/v2\/comments?post=4313"}],"version-history":[{"count":4,"href":"https:\/\/www.edilfibro.it\/es\/wp-json\/wp\/v2\/pages\/4313\/revisions"}],"predecessor-version":[{"id":6525,"href":"https:\/\/www.edilfibro.it\/es\/wp-json\/wp\/v2\/pages\/4313\/revisions\/6525"}],"wp:featuredmedia":[{"embeddable":true,"href":"https:\/\/www.edilfibro.it\/es\/wp-json\/wp\/v2\/media\/2000"}],"wp:attachment":[{"href":"https:\/\/www.edilfibro.it\/es\/wp-json\/wp\/v2\/media?parent=4313"}],"curies":[{"name":"wp","href":"https:\/\/api.w.org\/{rel}","templated":true}]}}