{"id":3359,"date":"2024-03-19T14:34:47","date_gmt":"2024-03-19T13:34:47","guid":{"rendered":"https:\/\/edilfibro2.noon.srl\/chi-siamo\/"},"modified":"2024-10-22T15:01:41","modified_gmt":"2024-10-22T13:01:41","slug":"quienes-somos","status":"publish","type":"page","link":"https:\/\/www.edilfibro.it\/es\/quienes-somos\/","title":{"rendered":"Quienes Somos"},"content":{"rendered":"<section class=\"l-section wpb_row height_large\"><div class=\"l-section-overlay\" style=\"background:#f5f5f5\"><\/div><div class=\"l-section-h i-cf\"><div class=\"g-cols vc_row via_grid cols_1 laptops-cols_inherit tablets-cols_inherit mobiles-cols_1 valign_top type_default stacking_default\"><div class=\"wpb_column vc_column_container\"><div class=\"vc_column-inner\"><div class=\"wpb_text_column us_custom_eb849559\"><div class=\"wpb_wrapper\"><h2>Un viaje que dura m\u00e1s de <span class=\"evidenziatore\">60 a\u00f1os<\/span><\/h2>\n<p>En 2023, Edilfibro cumpli\u00f3 60 a\u00f1os: era el 1963 cuando la empresa empez\u00f3 a formar parte del mundo de las cubiertas. Una larga historia llena de \u00e9xitos, calidad e innovaci\u00f3n continua.<br \/>\n<strong>El \u00e1rea de producci\u00f3n de la empresa se extiende por 100.000 m2<\/strong> y est\u00e1 equipada con sistemas de \u00faltima generaci\u00f3n que le han permitido ampliar los vol\u00famenes de ventas no s\u00f3lo al mercado italiano sino tambi\u00e9n a pa\u00edses europeos y no europeos.<\/p>\n<\/div><\/div><div class=\"w-separator size_small\"><\/div><\/div><\/div><\/div><\/div><\/section><section class=\"l-section wpb_row height_auto\"><div class=\"l-section-h i-cf\"><div class=\"g-cols vc_row via_grid cols_2 laptops-cols_inherit tablets-cols_inherit mobiles-cols_1 valign_middle type_default reversed stacking_default\" style=\"--columns-gap:0vw;\"><div class=\"wpb_column vc_column_container us_custom_de366d1c padding-destra us_animate_this\"><div class=\"vc_column-inner\"><div class=\"w-separator size_medium\"><\/div><div class=\"wpb_text_column us_custom_432d3f53\"><div class=\"wpb_wrapper\"><h2 style=\"text-align: left;\">Nuestra <span class=\"evidenziatore\">filosof\u00eda<\/span><\/h2>\n<p>Investigaci\u00f3n y desarrollo en la base de nuestra filosof\u00eda.<\/p>\n<p>La investigaci\u00f3n y el desarrollo son los pilares de la filosof\u00eda de Edilfibro. Son los pilares necesarios para ofrecer al mercado productos de indiscutible calidad y fiabilidad duraderos en el tiempo. La empresa siempre ha estado comprometida con la mejora constante de los procedimientos y sistemas de control existentes, tanto de los productos terminados como de las materias primas que llegan a f\u00e1brica, permitiendo a todos los operadores un control total del proceso productivo.<\/p>\n<p>Edilfibro tambi\u00e9n est\u00e1 equipado con sofisticados instrumentos personalizados que nos permiten analizar todas las caracter\u00edsticas de cada componente individual del fibrocemento. Cada fase de la producci\u00f3n es controlada constantemente: desde la formaci\u00f3n del producto definido como &#8220;fresco&#8221; hasta el desmoldado del producto listo para la maduraci\u00f3n. Nuestros t\u00e9cnicos especializados est\u00e1n siempre trabajando para garantizar la conformidad de los productos con las normas exigidas por la norma UNI EN 494:2015.<\/p>\n<\/div><\/div><div class=\"w-separator size_medium\"><\/div><\/div><\/div><div class=\"wpb_column vc_column_container us_custom_b6320770 us_animate_this has_bg_color stretched\"><div class=\"vc_column-inner\"><div class=\"w-separator size_custom\" style=\"height:30vmax\"><\/div><\/div><\/div><\/div><\/div><\/section><section class=\"l-section wpb_row height_auto\"><div class=\"l-section-h i-cf\"><div class=\"g-cols vc_row via_grid cols_2 laptops-cols_inherit tablets-cols_inherit mobiles-cols_1 valign_middle type_default stacking_default\" style=\"--columns-gap:0vw;\"><div class=\"wpb_column vc_column_container us_custom_0778e7c6 us_animate_this has_bg_color stretched\"><div class=\"vc_column-inner\"><div class=\"w-separator size_custom\" style=\"height:30vmax\"><\/div><\/div><\/div><div class=\"wpb_column vc_column_container us_custom_de366d1c padding-sinistra us_animate_this\"><div class=\"vc_column-inner\"><div class=\"w-separator size_medium\"><\/div><div class=\"wpb_text_column us_custom_432d3f53\"><div class=\"wpb_wrapper\"><h2 style=\"text-align: left;\">Calidad y <span class=\"evidenziatore\">seguridad<\/span><\/h2>\n<p>Todas las placas onduladas para tejados producidas por Edilfibro representan un gran avance en el campo de la prevenci\u00f3n de accidentes, ya que, si se colocan respetando la norma de instalaci\u00f3n UNI EN 10636, en caso de rotura accidental, el cuerpo causante queda retenido mediante correas especiales insertadas en la matriz de cemento de las placas.<\/p>\n<\/div><\/div><div class=\"w-separator size_medium\"><\/div><\/div><\/div><\/div><\/div><\/section><section class=\"l-section wpb_row height_auto\"><div class=\"l-section-h i-cf\"><div class=\"g-cols vc_row via_grid cols_2 laptops-cols_inherit tablets-cols_inherit mobiles-cols_1 valign_middle type_default reversed stacking_default\" style=\"--columns-gap:0vw;\"><div class=\"wpb_column vc_column_container us_custom_de366d1c padding-destra us_animate_this\"><div class=\"vc_column-inner\"><div class=\"w-separator size_medium\"><\/div><div class=\"wpb_text_column us_custom_432d3f53\"><div class=\"wpb_wrapper\"><h2 style=\"text-align: left;\">Calidad <span class=\"evidenziatore\">asegurada<\/span><\/h2>\n<p>La calidad de nuestros productos est\u00e1 certificada y para nosotros en Edilfibro es tan importante que tambi\u00e9n lo hemos asegurado.<\/p>\n<p>Todas las cubiertas realizadas con l\u00e1minas de fibrocemento producidas por Edilfibro, cuya instalaci\u00f3n respeta las exigencias de la norma Uni 10636, est\u00e1n garantizadas y aseguradas con p\u00f3liza de Productos de Responsabilidad Civil Unipol Sai Assicurazioni y\/o con reposici\u00f3n de materiales.<\/p>\n<\/div><\/div><div class=\"w-separator size_medium\"><\/div><\/div><\/div><div class=\"wpb_column vc_column_container us_custom_88fb724e us_animate_this has_bg_color stretched\"><div class=\"vc_column-inner\"><div class=\"w-separator size_custom\" style=\"height:30vmax\"><\/div><\/div><\/div><\/div><\/div><\/section><section class=\"l-section wpb_row height_auto\"><div class=\"l-section-h i-cf\"><div class=\"g-cols vc_row via_grid cols_2 laptops-cols_inherit tablets-cols_inherit mobiles-cols_1 valign_middle type_default stacking_default\" style=\"--columns-gap:0vw;\"><div class=\"wpb_column vc_column_container us_custom_cd1677dd us_animate_this has_bg_color stretched\"><div class=\"vc_column-inner\"><div class=\"w-separator size_custom\" style=\"height:30vmax\"><\/div><\/div><\/div><div class=\"wpb_column vc_column_container us_custom_de366d1c padding-sinistra us_animate_this\"><div class=\"vc_column-inner\"><div class=\"w-separator size_medium\"><\/div><div class=\"wpb_text_column us_custom_432d3f53\"><div class=\"wpb_wrapper\"><h2>Calidad <span class=\"evidenziatore\">certificada<\/span><\/h2>\n<p>En nuestro laboratorio se realizan peri\u00f3dicamente no s\u00f3lo todos los ensayos prescritos por la Norma Europea de Producto, sino tambi\u00e9n todos los controles de los Inspectores de los Laboratorios de Calidad Nacionales e Internacionales, quienes se encargan de controlar las actividades prescritas para la obtenci\u00f3n y mantenimiento de la Calidad. Certificados.<\/p>\n<p>Adem\u00e1s, todas las actividades de Edilfibro est\u00e1n reguladas por procedimientos en el marco de las normas UNI EN ISO 9001 y UN EN ISO 14001, que son auditadas peri\u00f3dicamente por el Instituto ICMQ.<\/p>\n<\/div><\/div><div class=\"w-separator size_small\"><\/div><div class=\"w-btn-wrapper align_none\"><a class=\"w-btn us-btn-style_1\" href=\"\/es\/certificaciones\/\"><span class=\"w-btn-label\">Descubre m\u00e0s<\/span><\/a><\/div><div class=\"w-separator size_medium\"><\/div><\/div><\/div><\/div><\/div><\/section>\n","protected":false},"excerpt":{"rendered":"Un viaje que dura m\u00e1s de 60 a\u00f1os En 2023, Edilfibro cumpli\u00f3 60 a\u00f1os: era el 1963 cuando la empresa empez\u00f3 a formar parte del mundo de las cubiertas. Una larga historia llena de \u00e9xitos, calidad e innovaci\u00f3n continua. El \u00e1rea de producci\u00f3n de la empresa se extiende por 100.000 m2 y est\u00e1 equipada con...","protected":false},"author":1,"featured_media":2000,"parent":0,"menu_order":0,"comment_status":"closed","ping_status":"closed","template":"","meta":{"footnotes":""},"class_list":["post-3359","page","type-page","status-publish","has-post-thumbnail","hentry"],"yoast_head":"<!-- This site is optimized with the Yoast SEO plugin v26.6 - https:\/\/yoast.com\/wordpress\/plugins\/seo\/ -->\n<title>Quienes Somos - Edilfibro S.p.a.<\/title>\n<meta name=\"robots\" content=\"index, follow, max-snippet:-1, max-image-preview:large, max-video-preview:-1\" \/>\n<link rel=\"canonical\" href=\"https:\/\/www.edilfibro.it\/es\/quienes-somos\/\" \/>\n<meta property=\"og:locale\" content=\"es_ES\" \/>\n<meta property=\"og:type\" content=\"article\" \/>\n<meta property=\"og:title\" content=\"Quienes Somos - Edilfibro S.p.a.\" \/>\n<meta property=\"og:url\" content=\"https:\/\/www.edilfibro.it\/es\/quienes-somos\/\" \/>\n<meta property=\"og:site_name\" content=\"Edilfibro S.p.a.\" \/>\n<meta property=\"article:publisher\" content=\"https:\/\/www.facebook.com\/edilfibro\" \/>\n<meta property=\"article:modified_time\" content=\"2024-10-22T13:01:41+00:00\" \/>\n<meta property=\"og:image\" content=\"https:\/\/www.edilfibro.it\/wp-content\/uploads\/2024\/03\/aerea_stabilimento_1920x650.jpg\" \/>\n\t<meta property=\"og:image:width\" content=\"1896\" \/>\n\t<meta property=\"og:image:height\" content=\"650\" \/>\n\t<meta property=\"og:image:type\" content=\"image\/jpeg\" \/>\n<meta name=\"twitter:card\" content=\"summary_large_image\" \/>\n<meta name=\"twitter:label1\" content=\"Tiempo de lectura\" \/>\n\t<meta name=\"twitter:data1\" content=\"5 minutos\" \/>\n<script type=\"application\/ld+json\" class=\"yoast-schema-graph\">{\"@context\":\"https:\/\/schema.org\",\"@graph\":[{\"@type\":\"WebPage\",\"@id\":\"https:\/\/www.edilfibro.it\/es\/quienes-somos\/\",\"url\":\"https:\/\/www.edilfibro.it\/es\/quienes-somos\/\",\"name\":\"Quienes Somos - Edilfibro S.p.a.\",\"isPartOf\":{\"@id\":\"https:\/\/www.edilfibro.it\/es\/#website\"},\"primaryImageOfPage\":{\"@id\":\"https:\/\/www.edilfibro.it\/es\/quienes-somos\/#primaryimage\"},\"image\":{\"@id\":\"https:\/\/www.edilfibro.it\/es\/quienes-somos\/#primaryimage\"},\"thumbnailUrl\":\"https:\/\/www.edilfibro.it\/wp-content\/uploads\/2024\/03\/aerea_stabilimento_1920x650.jpg\",\"datePublished\":\"2024-03-19T13:34:47+00:00\",\"dateModified\":\"2024-10-22T13:01:41+00:00\",\"breadcrumb\":{\"@id\":\"https:\/\/www.edilfibro.it\/es\/quienes-somos\/#breadcrumb\"},\"inLanguage\":\"es\",\"potentialAction\":[{\"@type\":\"ReadAction\",\"target\":[\"https:\/\/www.edilfibro.it\/es\/quienes-somos\/\"]}]},{\"@type\":\"ImageObject\",\"inLanguage\":\"es\",\"@id\":\"https:\/\/www.edilfibro.it\/es\/quienes-somos\/#primaryimage\",\"url\":\"https:\/\/www.edilfibro.it\/wp-content\/uploads\/2024\/03\/aerea_stabilimento_1920x650.jpg\",\"contentUrl\":\"https:\/\/www.edilfibro.it\/wp-content\/uploads\/2024\/03\/aerea_stabilimento_1920x650.jpg\",\"width\":1896,\"height\":650},{\"@type\":\"BreadcrumbList\",\"@id\":\"https:\/\/www.edilfibro.it\/es\/quienes-somos\/#breadcrumb\",\"itemListElement\":[{\"@type\":\"ListItem\",\"position\":1,\"name\":\"Home\",\"item\":\"https:\/\/www.edilfibro.it\/es\/\"},{\"@type\":\"ListItem\",\"position\":2,\"name\":\"Quienes Somos\"}]},{\"@type\":\"WebSite\",\"@id\":\"https:\/\/www.edilfibro.it\/es\/#website\",\"url\":\"https:\/\/www.edilfibro.it\/es\/\",\"name\":\"Edilfibro S.p.a.\",\"description\":\"Coperture per tetti, lastre fibrocemento e metallo\",\"publisher\":{\"@id\":\"https:\/\/www.edilfibro.it\/es\/#organization\"},\"potentialAction\":[{\"@type\":\"SearchAction\",\"target\":{\"@type\":\"EntryPoint\",\"urlTemplate\":\"https:\/\/www.edilfibro.it\/es\/?s={search_term_string}\"},\"query-input\":{\"@type\":\"PropertyValueSpecification\",\"valueRequired\":true,\"valueName\":\"search_term_string\"}}],\"inLanguage\":\"es\"},{\"@type\":\"Organization\",\"@id\":\"https:\/\/www.edilfibro.it\/es\/#organization\",\"name\":\"Edilfibro S.p.a.\",\"url\":\"https:\/\/www.edilfibro.it\/es\/\",\"logo\":{\"@type\":\"ImageObject\",\"inLanguage\":\"es\",\"@id\":\"https:\/\/www.edilfibro.it\/es\/#\/schema\/logo\/image\/\",\"url\":\"https:\/\/www.edilfibro.it\/wp-content\/uploads\/2024\/09\/Logo-Edilfibro-2024-verde.webp\",\"contentUrl\":\"https:\/\/www.edilfibro.it\/wp-content\/uploads\/2024\/09\/Logo-Edilfibro-2024-verde.webp\",\"width\":270,\"height\":105,\"caption\":\"Edilfibro S.p.a.\"},\"image\":{\"@id\":\"https:\/\/www.edilfibro.it\/es\/#\/schema\/logo\/image\/\"},\"sameAs\":[\"https:\/\/www.facebook.com\/edilfibro\",\"https:\/\/www.linkedin.com\/company\/edilfibrospa\/\",\"https:\/\/www.youtube.com\/channel\/UCfz1PuhFpXa0MFkRDzC_Cgw\"]}]}<\/script>\n<!-- \/ Yoast SEO plugin. -->","yoast_head_json":{"title":"Quienes Somos - Edilfibro S.p.a.","robots":{"index":"index","follow":"follow","max-snippet":"max-snippet:-1","max-image-preview":"max-image-preview:large","max-video-preview":"max-video-preview:-1"},"canonical":"https:\/\/www.edilfibro.it\/es\/quienes-somos\/","og_locale":"es_ES","og_type":"article","og_title":"Quienes Somos - Edilfibro S.p.a.","og_url":"https:\/\/www.edilfibro.it\/es\/quienes-somos\/","og_site_name":"Edilfibro S.p.a.","article_publisher":"https:\/\/www.facebook.com\/edilfibro","article_modified_time":"2024-10-22T13:01:41+00:00","og_image":[{"width":1896,"height":650,"url":"https:\/\/www.edilfibro.it\/wp-content\/uploads\/2024\/03\/aerea_stabilimento_1920x650.jpg","type":"image\/jpeg"}],"twitter_card":"summary_large_image","twitter_misc":{"Tiempo de lectura":"5 minutos"},"schema":{"@context":"https:\/\/schema.org","@graph":[{"@type":"WebPage","@id":"https:\/\/www.edilfibro.it\/es\/quienes-somos\/","url":"https:\/\/www.edilfibro.it\/es\/quienes-somos\/","name":"Quienes Somos - Edilfibro S.p.a.","isPartOf":{"@id":"https:\/\/www.edilfibro.it\/es\/#website"},"primaryImageOfPage":{"@id":"https:\/\/www.edilfibro.it\/es\/quienes-somos\/#primaryimage"},"image":{"@id":"https:\/\/www.edilfibro.it\/es\/quienes-somos\/#primaryimage"},"thumbnailUrl":"https:\/\/www.edilfibro.it\/wp-content\/uploads\/2024\/03\/aerea_stabilimento_1920x650.jpg","datePublished":"2024-03-19T13:34:47+00:00","dateModified":"2024-10-22T13:01:41+00:00","breadcrumb":{"@id":"https:\/\/www.edilfibro.it\/es\/quienes-somos\/#breadcrumb"},"inLanguage":"es","potentialAction":[{"@type":"ReadAction","target":["https:\/\/www.edilfibro.it\/es\/quienes-somos\/"]}]},{"@type":"ImageObject","inLanguage":"es","@id":"https:\/\/www.edilfibro.it\/es\/quienes-somos\/#primaryimage","url":"https:\/\/www.edilfibro.it\/wp-content\/uploads\/2024\/03\/aerea_stabilimento_1920x650.jpg","contentUrl":"https:\/\/www.edilfibro.it\/wp-content\/uploads\/2024\/03\/aerea_stabilimento_1920x650.jpg","width":1896,"height":650},{"@type":"BreadcrumbList","@id":"https:\/\/www.edilfibro.it\/es\/quienes-somos\/#breadcrumb","itemListElement":[{"@type":"ListItem","position":1,"name":"Home","item":"https:\/\/www.edilfibro.it\/es\/"},{"@type":"ListItem","position":2,"name":"Quienes Somos"}]},{"@type":"WebSite","@id":"https:\/\/www.edilfibro.it\/es\/#website","url":"https:\/\/www.edilfibro.it\/es\/","name":"Edilfibro S.p.a.","description":"Coperture per tetti, lastre fibrocemento e metallo","publisher":{"@id":"https:\/\/www.edilfibro.it\/es\/#organization"},"potentialAction":[{"@type":"SearchAction","target":{"@type":"EntryPoint","urlTemplate":"https:\/\/www.edilfibro.it\/es\/?s={search_term_string}"},"query-input":{"@type":"PropertyValueSpecification","valueRequired":true,"valueName":"search_term_string"}}],"inLanguage":"es"},{"@type":"Organization","@id":"https:\/\/www.edilfibro.it\/es\/#organization","name":"Edilfibro S.p.a.","url":"https:\/\/www.edilfibro.it\/es\/","logo":{"@type":"ImageObject","inLanguage":"es","@id":"https:\/\/www.edilfibro.it\/es\/#\/schema\/logo\/image\/","url":"https:\/\/www.edilfibro.it\/wp-content\/uploads\/2024\/09\/Logo-Edilfibro-2024-verde.webp","contentUrl":"https:\/\/www.edilfibro.it\/wp-content\/uploads\/2024\/09\/Logo-Edilfibro-2024-verde.webp","width":270,"height":105,"caption":"Edilfibro S.p.a."},"image":{"@id":"https:\/\/www.edilfibro.it\/es\/#\/schema\/logo\/image\/"},"sameAs":["https:\/\/www.facebook.com\/edilfibro","https:\/\/www.linkedin.com\/company\/edilfibrospa\/","https:\/\/www.youtube.com\/channel\/UCfz1PuhFpXa0MFkRDzC_Cgw"]}]}},"_links":{"self":[{"href":"https:\/\/www.edilfibro.it\/es\/wp-json\/wp\/v2\/pages\/3359","targetHints":{"allow":["GET"]}}],"collection":[{"href":"https:\/\/www.edilfibro.it\/es\/wp-json\/wp\/v2\/pages"}],"about":[{"href":"https:\/\/www.edilfibro.it\/es\/wp-json\/wp\/v2\/types\/page"}],"author":[{"embeddable":true,"href":"https:\/\/www.edilfibro.it\/es\/wp-json\/wp\/v2\/users\/1"}],"replies":[{"embeddable":true,"href":"https:\/\/www.edilfibro.it\/es\/wp-json\/wp\/v2\/comments?post=3359"}],"version-history":[{"count":6,"href":"https:\/\/www.edilfibro.it\/es\/wp-json\/wp\/v2\/pages\/3359\/revisions"}],"predecessor-version":[{"id":5111,"href":"https:\/\/www.edilfibro.it\/es\/wp-json\/wp\/v2\/pages\/3359\/revisions\/5111"}],"wp:featuredmedia":[{"embeddable":true,"href":"https:\/\/www.edilfibro.it\/es\/wp-json\/wp\/v2\/media\/2000"}],"wp:attachment":[{"href":"https:\/\/www.edilfibro.it\/es\/wp-json\/wp\/v2\/media?parent=3359"}],"curies":[{"name":"wp","href":"https:\/\/api.w.org\/{rel}","templated":true}]}}